{"id":11034,"date":"2024-08-05T15:04:25","date_gmt":"2024-08-05T08:04:25","guid":{"rendered":"https:\/\/thietbidienlama.com\/?post_type=product&#038;p=11034"},"modified":"2026-01-12T14:15:31","modified_gmt":"2026-01-12T07:15:31","slug":"day-dien-doi-cadivi-2x16","status":"publish","type":"product","link":"https:\/\/www.thietbidienlama.com\/en\/day-dien-doi-cadivi-2x16\/","title":{"rendered":"D\u00e2y \u0110i\u1ec7n \u0110\u00f4i Cadivi 2&#215;16"},"content":{"rendered":"<h2><strong><span style=\"color: #000000;\">D\u00e2y \u0110i\u1ec7n \u0110\u00f4i Cadivi 2&#215;16<\/span><\/strong><\/h2>\n<p><span style=\"color: #000000;\">D\u00e2y \u0111i\u1ec7n \u0111\u00f4i cadivi 2&#215;16 g\u1ed3m ru\u1ed9t \u0111\u1ed3ng tinh ch\u1ea5t, 1 l\u1edbp v\u1ecf b\u1ecdc c\u00e1ch \u0111i\u1ec7n Pvc, d\u00e2y \u0111i\u1ec7n cadivi c\u00f3 2 l\u00f5i ( ru\u1ed9t \u0111\u1ed3ng &#8211; v\u00f5 b\u1eb1ng nh\u1ef1a pvc c\u00e1ch \u0111i\u1ec7n) d\u00f9ng \u0111\u1ec3 truy\u1ec1n t\u1ea3i, ph\u00e2n ph\u1ed1i \u0111i\u1ec7n trong c\u00f4ng nghi\u1ec7p v\u00e0 l\u1eafp \u0111\u1eb7t c\u1ed1 \u0111\u1ecbnh. \u00a0Nhi\u1ec7t \u0111\u1ed9 s\u1eed d\u1ee5ng cho d\u00e2y \u0111i\u1ec7n \u0111\u00f4i cadivi 2&#215;16 l\u00e0 70\u00b0C.<\/span><\/p>\n<p><span style=\"color: #000000;\">D\u00e2y \u0111\u00f4i m\u1ec1m d\u1eb9t Vcmd2x16 c\u00f3 chi\u1ec1u d\u00e0i 100m\/cu\u1ed9n. D\u00e2y c\u00e1p \u0111i\u1ec7n \u0111\u1ed3ng b\u1ecdc nh\u1ef1a Pvc d\u00f9ng cho thi\u1ebft b\u1ecb \u0111i\u1ec7n d\u00e2n d\u1ee5ng.<\/span><\/p>\n<p><span style=\"color: #000000;\">D\u00e2y \u0111i\u1ec7n \u0111\u00f4i 2 ru\u1ed9t \u0111\u1ed3ng, m\u1ec1m, m\u1ed7i ru\u1ed9t c\u00f3 16 s\u1ee3i nh\u1ecf 0,2mm k\u1ebft xo\u1eafn l\u1ea1i, v\u1ecf b\u1ecdc 1 l\u1edbp c\u00e1ch \u0111i\u1ec7n pvc.<\/span><\/p>\n<p>&nbsp;<\/p>\n<p><img fetchpriority=\"high\" decoding=\"async\" class=\"aligncenter wp-image-10949 size-full\" src=\"http:\/\/thietbidienlama.com\/wp-content\/uploads\/2024\/07\/day-cap-dien-don-cadivi-1.0.webp\" alt=\"D\u00e2y \u0110i\u1ec7n \u0110\u00f4i Cadivi 2x16\" width=\"225\" height=\"225\" srcset=\"https:\/\/www.thietbidienlama.com\/wp-content\/uploads\/2024\/07\/day-cap-dien-don-cadivi-1.0.webp 225w, https:\/\/www.thietbidienlama.com\/wp-content\/uploads\/2024\/07\/day-cap-dien-don-cadivi-1.0-150x150.webp 150w, https:\/\/www.thietbidienlama.com\/wp-content\/uploads\/2024\/07\/day-cap-dien-don-cadivi-1.0-12x12.webp 12w\" sizes=\"(max-width: 225px) 100vw, 225px\" \/><\/p>\n<p><span style=\"font-size: 12pt; color: #000000;\"><strong>S\u1ea3n Ph\u1ea9m T\u01b0\u01a1ng T\u1ef1:<\/strong><\/span><\/p>\n<ul>\n<li>\n<p class=\"product_title entry-title wd-entities-title\"><span style=\"color: #ff6600;\"><a style=\"color: #ff6600;\" href=\"https:\/\/thietbidienlama.com\/day-dien-cadivi-15\/\"><span style=\"font-size: 12pt;\"><strong>D\u00e2y \u0110i\u1ec7n Cadivi 1.5<\/strong><\/span><\/a><\/span><\/p>\n<\/li>\n<li>\n<p class=\"product_title entry-title wd-entities-title\"><span style=\"color: #ff6600;\"><a style=\"color: #ff6600;\" href=\"https:\/\/thietbidienlama.com\/day-dien-doi-cadivi-2x24\/\"><strong><span style=\"font-size: 12pt;\">D\u00e2y \u0110i\u1ec7n \u0110\u00f4i Cadivi 2\u00d724<\/span><\/strong><\/a><\/span><\/p>\n<\/li>\n<\/ul>\n<p><span style=\"font-size: 12pt; color: #000000;\"><strong><em><i>LI\u00caN H\u1ec6 :<\/i><\/em><\/strong><\/span><\/p>\n<p><span style=\"font-size: 12pt; color: #000000;\"><strong><b>Hotline: 0935 228 204 ( Ms Lam )<\/b><\/strong><\/span><\/p>\n<p><span style=\"font-size: 12pt; color: #000000;\"><strong><b>Facebook:<\/b><\/strong>\u00a0<span style=\"color: #ff6600;\"><a style=\"color: #ff6600;\" href=\"https:\/\/www.facebook.com\/thietbidienlama\" target=\"_blank\" rel=\"noopener\"><strong><b>THI\u1ebeT\u00a0B\u1eca \u0110I\u1ec6N LAMA<\/b><\/strong><\/a><\/span><\/span><\/p>\n<p><span style=\"font-size: 12pt; color: #000000;\"><strong><b>Tiktok:<\/b><\/strong>\u00a0<span style=\"color: #ff6600;\"><a style=\"color: #ff6600;\" href=\"https:\/\/www.tiktok.com\/@thietbidienlama\" target=\"_blank\" rel=\"noopener\"><strong><b>THI\u1ebeT\u00a0B\u1eca \u0110I\u1ec6N LAMA<\/b><\/strong><\/a><\/span><\/span><\/p>","protected":false},"excerpt":{"rendered":"<p>D\u00e2y \u0110i\u1ec7n \u0110\u00f4i Cadivi 2&#215;16 D\u00e2y \u0111i\u1ec7n \u0111\u00f4i cadivi 2&#215;16 g\u1ed3m ru\u1ed9t \u0111\u1ed3ng tinh ch\u1ea5t, 1 l\u1edbp v\u1ecf b\u1ecdc c\u00e1ch<\/p>","protected":false},"featured_media":10949,"comment_status":"closed","ping_status":"closed","template":"","meta":[],"product_brand":[],"product_cat":[565,564],"product_tag":[625,873,626],"class_list":{"0":"post-11034","1":"product","2":"type-product","3":"status-publish","4":"has-post-thumbnail","6":"product_cat-day-dien-cadivi","7":"product_cat-day-va-cap-dien","8":"product_tag-day-dien-doi-cadivi-2-5","9":"product_tag-day-dien-doi-cadivi-2x16","10":"product_tag-gia-day-dien-doi-cadivi-2-5","12":"first","13":"instock","14":"sale","15":"shipping-taxable","16":"purchasable","17":"product-type-simple"},"_links":{"self":[{"href":"https:\/\/www.thietbidienlama.com\/en\/wp-json\/wp\/v2\/product\/11034","targetHints":{"allow":["GET"]}}],"collection":[{"href":"https:\/\/www.thietbidienlama.com\/en\/wp-json\/wp\/v2\/product"}],"about":[{"href":"https:\/\/www.thietbidienlama.com\/en\/wp-json\/wp\/v2\/types\/product"}],"replies":[{"embeddable":true,"href":"https:\/\/www.thietbidienlama.com\/en\/wp-json\/wp\/v2\/comments?post=11034"}],"version-history":[{"count":4,"href":"https:\/\/www.thietbidienlama.com\/en\/wp-json\/wp\/v2\/product\/11034\/revisions"}],"predecessor-version":[{"id":13067,"href":"https:\/\/www.thietbidienlama.com\/en\/wp-json\/wp\/v2\/product\/11034\/revisions\/13067"}],"wp:featuredmedia":[{"embeddable":true,"href":"https:\/\/www.thietbidienlama.com\/en\/wp-json\/wp\/v2\/media\/10949"}],"wp:attachment":[{"href":"https:\/\/www.thietbidienlama.com\/en\/wp-json\/wp\/v2\/media?parent=11034"}],"wp:term":[{"taxonomy":"product_brand","embeddable":true,"href":"https:\/\/www.thietbidienlama.com\/en\/wp-json\/wp\/v2\/product_brand?post=11034"},{"taxonomy":"product_cat","embeddable":true,"href":"https:\/\/www.thietbidienlama.com\/en\/wp-json\/wp\/v2\/product_cat?post=11034"},{"taxonomy":"product_tag","embeddable":true,"href":"https:\/\/www.thietbidienlama.com\/en\/wp-json\/wp\/v2\/product_tag?post=11034"}],"curies":[{"name":"wp","href":"https:\/\/api.w.org\/{rel}","templated":true}]}}