{"id":11027,"date":"2024-08-05T12:00:06","date_gmt":"2024-08-05T05:00:06","guid":{"rendered":"https:\/\/thietbidienlama.com\/?post_type=product&#038;p=11027"},"modified":"2026-01-12T14:14:54","modified_gmt":"2026-01-12T07:14:54","slug":"day-dien-cadivi-8-0","status":"publish","type":"product","link":"https:\/\/www.thietbidienlama.com\/en\/day-dien-cadivi-8-0\/","title":{"rendered":"D\u00e2y \u0110i\u1ec7n Cadivi 8.0"},"content":{"rendered":"<h2><span style=\"color: #000000; font-size: 14pt;\"><strong><u><b>D\u00e2y \u0110i\u1ec7n Cadivi 8.0 :<\/b><\/u><\/strong><\/span><\/h2>\n<p><span style=\"color: #000000;\">D\u00e2y \u0110i\u1ec7n Cadivi 8.0mm2 thu\u1ed9c d\u00f2ng s\u1ea3n ph\u1ea9m c\u00e1p \u0111i\u1ec7n l\u1ef1c h\u1ea1 th\u1ebf CV, c\u00f3 c\u1ea5u t\u1ea1o g\u1ed3m m\u1ed9t l\u1edbp v\u1ecf nh\u1ef1a b\u00ean ngo\u00e0i l\u00e0m b\u1eb1ng PVC cao c\u1ea5p \u0111\u1ec3 b\u1ea3o v\u1ec7 d\u00f2ng \u0111i\u1ec7n kh\u00f4ng lan truy\u1ec1n ra ngo\u00e0i, c\u00e1ch \u0111i\u1ec7n t\u1ed1t, t\u1ea1o \u0111\u01b0\u1ee3c \u0111\u1ed9 an to\u00e0n khi d\u1eabn \u0111i\u1ec7n.<\/span><\/p>\n<p><span style=\"color: #000000;\">B\u00ean trong l\u00e0 7 s\u1ee3 \u0111\u1ed3ng xo\u1eafn l\u1ea1i v\u1edbi nhau t\u1ea1o \u0111\u01b0\u1ee3c \u0111\u1ed9 m\u1ec1m d\u1ebbo t\u1ed1t, kh\u00f4ng b\u1ecb h\u00e3y khi g\u1ea5p kh\u00fac nhi\u1ec1u l\u1ea7n, c\u00f3 kh\u1ea3 n\u0103ng d\u1eabn \u0111i\u1ec7n t\u1ed1t, ho\u1ea1t \u0111\u1ed9ng kh\u00f4ng b\u1ecb t\u1eafc ngh\u1ebdn, tr\u00ec ho\u00e3n g\u00e2y nhi\u1ec1u hi\u1ec7n t\u01b0\u1ee3ng x\u1ea5u.<\/span><\/p>\n<h3><span style=\"color: #000000; font-size: 14pt;\"><strong><u><b>Th\u00f4ng s\u1ed1 k\u1ef9 thu\u1eadt: <\/b><\/u><\/strong><\/span><\/h3>\n<p><span style=\"color: #000000;\">M\u00e3 s\u1ea3n ph\u1ea9m : CV8.0<\/span><\/p>\n<p><span style=\"color: #000000;\">Th\u01b0\u01a1ng hi\u1ec7u : Cadivi<\/span><\/p>\n<p><span style=\"color: #000000;\">\u0110\u01a1n v\u1ecb t\u00ednh : m\u00e9t<\/span><\/p>\n<p><span style=\"color: #000000;\">Chi\u1ec1u d\u00e0i : 100m\/cu\u1ed9n<\/span><\/p>\n<p><span style=\"color: #000000;\">L\u00f5i c\u00e1p: Ru\u1ed9t \u0111\u1ed3ng.<\/span><\/p>\n<p><span style=\"color: #000000;\">Ch\u1ea5t li\u1ec7u c\u00e1ch \u0111i\u1ec7n : Nh\u1ef1a Pvc<\/span><\/p>\n<h3><span style=\"color: #000000; font-size: 14pt;\"><strong><u><b>\u1ee8ng d\u1ee5ng d\u00e2y \u0111i\u1ec7n cadivi 8.0 0.6\/1kv:<\/b><\/u><\/strong><\/span><\/h3>\n<p><span style=\"color: #000000;\"><strong><span style=\"color: #ff6600;\"><a style=\"color: #ff6600;\" href=\"https:\/\/thietbidienlama.com\/day-dien-cadivi-8-0\/\">D\u00e2y \u0111i\u1ec7n cadivi 8.0<\/a><\/span><\/strong> ru\u1ed9t \u0111\u1ed3ng b\u1ecdc nh\u1ef1a Pvc ( c\u00f3 ho\u1eb7c kh\u00f4ng c\u00f3 v\u1ecf) D\u00f9ng cho c\u00e1c thi\u1ebft b\u1ecb d\u00e2n d\u1ee5ng.<\/span><\/p>\n<p><span style=\"color: #000000;\">S\u1ea3n ph\u1ea9m n\u00e0y \u0111\u01b0\u1ee3c l\u1eafp trong \u1ed1ng ch\u1ecbu l\u1ef1c, ch\u1ed1ng r\u00f2 r\u1ec9, l\u1eafp c\u1ed1 \u0111\u1ecbnh tr\u00ean t\u01b0\u1eddng, tr\u00ean tr\u1ea7n, tr\u00ean s\u00e0n.<\/span><\/p>\n<p><span style=\"color: #000000;\">L\u1eafp \u00e2m trong t\u01b0\u1eddng, trong tr\u1ea7n, trong s\u00e0n ho\u1eb7c ch\u1ed1n d\u01b0\u1edbi \u0111\u1ea5t.<\/span><\/p>\n<p><img fetchpriority=\"high\" decoding=\"async\" class=\"alignnone size-medium wp-image-13169 aligncenter\" src=\"http:\/\/thietbidienlama.com\/wp-content\/uploads\/2024\/08\/Day-dien-Cadivi-8.0-300x300.jpg\" alt=\"D\u00e2y \u0111i\u1ec7n Cadivi 8.0\" width=\"300\" height=\"300\" srcset=\"https:\/\/www.thietbidienlama.com\/wp-content\/uploads\/2024\/08\/Day-dien-Cadivi-8.0-300x300.jpg 300w, https:\/\/www.thietbidienlama.com\/wp-content\/uploads\/2024\/08\/Day-dien-Cadivi-8.0-150x150.jpg 150w, https:\/\/www.thietbidienlama.com\/wp-content\/uploads\/2024\/08\/Day-dien-Cadivi-8.0-12x12.jpg 12w, https:\/\/www.thietbidienlama.com\/wp-content\/uploads\/2024\/08\/Day-dien-Cadivi-8.0.jpg 500w\" sizes=\"(max-width: 300px) 100vw, 300px\" \/><\/p>\n<h2><span style=\"color: #000000; font-size: 14pt;\"><strong><b>Mua d\u00e2y \u0111i\u1ec7n cadivi 8.0 \u1edf \u0111\u00e2u ?<\/b><\/strong><\/span><\/h2>\n<p><span style=\"color: #000000;\">Kh\u00f4ng kh\u00f3 \u0111\u1ec3 b\u1ea1n c\u00f3 th\u1ec3 l\u1ef1a ch\u1ecdn \u0111\u01b0\u1ee3c \u0111\u01a1n v\u1ecb ph\u00e2n ph\u1ed1i d\u00e2y \u0111i\u1ec7n cadivi 8.0 , tuy nhi\u00ean h\u00e3y l\u1ef1a ch\u1ecdn m\u1ed9t n\u01a1i th\u1ef1c s\u1ef1 c\u00f3 uy t\u00edn \u0111\u1ec3 tr\u00e1nh mua nh\u1eb1m h\u00e0ng gi\u1ea3, h\u00e0ng k\u00e9m ch\u1ea5t l\u01b0\u1ee3ng.<\/span><\/p>\n<p><span style=\"color: #000000;\">V\u1edbi m\u1ed9t s\u1ea3n ph\u1ea9m h\u00e0ng gi\u1ea3, k\u00e9m ch\u1ea5t l\u01b0\u1ee3ng s\u1ebd c\u00f3 nguy c\u01a1 b\u1ecb ch\u00e1y n\u1ed5, ch\u1eadt \u0111i\u1ec7n r\u1ea5t l\u1edbn, kh\u00f4ng \u0111\u1ea3m b\u1ea3o \u0111\u01b0\u1ee3c kh\u1ea3 n\u0103ng truy\u1ec1n t\u1ea3i \u0111i\u1ec7n n\u0103ng \u0111\u1ebfn c\u00e1c thi\u1ebft b\u1ecb ti\u00eau th\u1ee5 \u0111i\u1ec7n to\u00e0n h\u1ec7 th\u1ed1ng c\u00e1c t\u00f2a nh\u00e0.<\/span><\/p>\n<h3><span style=\"color: #000000; font-size: 14pt;\"><strong><b>Nh\u00e0 Ph\u00e2n Ph\u1ed1i d\u00e2y \u0111i\u1ec7n cadivi 8.0 gi\u00e1 t\u1ed1t nh\u1ea5t t\u1ea1i tphcm ?<\/b><\/strong><\/span><\/h3>\n<p><span style=\"color: #000000;\">Lama hi\u1ec7n t\u1ea1i l\u00e0 nh\u00e0 ph\u00e2n ph\u1ed1i ch\u00ednh th\u1ee9c c\u1ee7a <strong><span style=\"color: #ff6600;\"><a style=\"color: #ff6600;\" href=\"https:\/\/thietbidienlama.com\/day-dien-cadivi-8-0\/\">d\u00e2y \u0111i\u1ec7n cadivi 8.0<\/a><\/span><\/strong>, m\u1ee9c chi\u1ebft kh\u1ea5u cao l\u00ean \u0111\u1ebfn 39% \u2013 V\u1edbi kinh nghi\u1ec7m h\u01a1n 10 n\u0103m trong ngh\u1ec1 hi\u1ec7n t\u1ea1i \u0111ang nh\u1eadp tr\u1ef1c ti\u1ebfp s\u1ea3n ph\u1ea9m cadivi t\u1eeb nh\u00e0 m\u00e1y v\u00e0 x\u00ed nghi\u1ec7p s\u1ea3n xu\u1ea5t nh\u01b0 x\u00ed nghi\u1ec7p T\u00e2n \u00c1, X\u00ed nghi\u1ec7p Mi\u1ec1n \u0110\u00f4ng, cadivi \u0110\u1ed3ng Nai\u2026<\/span><\/p>\n<p><span style=\"color: #000000;\">N\u1ebfu b\u1ea1n l\u00e0 C\u00f4ng Ty X\u00e2y D\u1ef1ng, nh\u00e0 th\u1ea7u \u0111i\u1ec7n , \u0111i\u1ec7n l\u1ea1nh c\u1ea7n s\u1ed1 l\u01b0\u1ee3ng h\u00e0ng h\u00f3a l\u1edbn h\u00e3y li\u00ean h\u1ec7 ngay v\u1edbi LAMA \u0111\u1ec3 c\u00f3 m\u1ee9c chi\u1ebft kh\u1ea5u t\u1ed1t nh\u1ea5t nh\u00e9.<\/span><\/p>\n<p><span style=\"font-size: 12pt; color: #000000;\"><strong>LI\u00caN H\u1ec6 : Hotline: 0935 228 204 ( Ms Lam )<\/strong><\/span><\/p>\n<p><span style=\"font-size: 12pt; color: #000000;\"><strong>Facebook:\u00a0<span style=\"color: #ff6600;\"><a style=\"color: #ff6600;\" href=\"https:\/\/www.facebook.com\/thietbidienlama\" target=\"_blank\" rel=\"noopener\">THI\u1ebeT\u00a0B\u1eca \u0110I\u1ec6N LAMA<\/a><\/span><\/strong><\/span><\/p>\n<p><span style=\"font-size: 12pt; color: #000000;\"><strong>Tiktok:\u00a0<span style=\"color: #ff6600;\"><a style=\"color: #ff6600;\" href=\"https:\/\/www.tiktok.com\/@thietbidienlama\" target=\"_blank\" rel=\"noopener\">THI\u1ebeT\u00a0B\u1eca \u0110I\u1ec6N LAMA<\/a><\/span><\/strong><\/span><\/p>","protected":false},"excerpt":{"rendered":"<p>D\u00e2y \u0110i\u1ec7n Cadivi 8.0 : D\u00e2y \u0110i\u1ec7n Cadivi 8.0mm2 thu\u1ed9c d\u00f2ng s\u1ea3n ph\u1ea9m c\u00e1p \u0111i\u1ec7n l\u1ef1c h\u1ea1 th\u1ebf CV, c\u00f3<\/p>","protected":false},"featured_media":13169,"comment_status":"closed","ping_status":"closed","template":"","meta":[],"product_brand":[],"product_cat":[565,564],"product_tag":[885,883,619,884,620,621],"class_list":{"0":"post-11027","1":"product","2":"type-product","3":"status-publish","4":"has-post-thumbnail","6":"product_cat-day-dien-cadivi","7":"product_cat-day-va-cap-dien","8":"product_tag-day-cadivi-8-0","9":"product_tag-day-dien-8-0","10":"product_tag-day-dien-cadivi-8-0","11":"product_tag-day-dien-don-8-0","12":"product_tag-gia-day-dien-cadivi-8-0","13":"product_tag-nha-phan-phoi-day-dien-cadivi-8-0","15":"first","16":"instock","17":"sale","18":"shipping-taxable","19":"purchasable","20":"product-type-simple"},"_links":{"self":[{"href":"https:\/\/www.thietbidienlama.com\/en\/wp-json\/wp\/v2\/product\/11027","targetHints":{"allow":["GET"]}}],"collection":[{"href":"https:\/\/www.thietbidienlama.com\/en\/wp-json\/wp\/v2\/product"}],"about":[{"href":"https:\/\/www.thietbidienlama.com\/en\/wp-json\/wp\/v2\/types\/product"}],"replies":[{"embeddable":true,"href":"https:\/\/www.thietbidienlama.com\/en\/wp-json\/wp\/v2\/comments?post=11027"}],"version-history":[{"count":5,"href":"https:\/\/www.thietbidienlama.com\/en\/wp-json\/wp\/v2\/product\/11027\/revisions"}],"predecessor-version":[{"id":13170,"href":"https:\/\/www.thietbidienlama.com\/en\/wp-json\/wp\/v2\/product\/11027\/revisions\/13170"}],"wp:featuredmedia":[{"embeddable":true,"href":"https:\/\/www.thietbidienlama.com\/en\/wp-json\/wp\/v2\/media\/13169"}],"wp:attachment":[{"href":"https:\/\/www.thietbidienlama.com\/en\/wp-json\/wp\/v2\/media?parent=11027"}],"wp:term":[{"taxonomy":"product_brand","embeddable":true,"href":"https:\/\/www.thietbidienlama.com\/en\/wp-json\/wp\/v2\/product_brand?post=11027"},{"taxonomy":"product_cat","embeddable":true,"href":"https:\/\/www.thietbidienlama.com\/en\/wp-json\/wp\/v2\/product_cat?post=11027"},{"taxonomy":"product_tag","embeddable":true,"href":"https:\/\/www.thietbidienlama.com\/en\/wp-json\/wp\/v2\/product_tag?post=11027"}],"curies":[{"name":"wp","href":"https:\/\/api.w.org\/{rel}","templated":true}]}}