{"id":11023,"date":"2024-08-05T11:41:01","date_gmt":"2024-08-05T04:41:01","guid":{"rendered":"https:\/\/thietbidienlama.com\/?post_type=product&#038;p=11023"},"modified":"2026-01-12T14:14:00","modified_gmt":"2026-01-12T07:14:00","slug":"day-dien-cadivi-6-0","status":"publish","type":"product","link":"https:\/\/www.thietbidienlama.com\/en\/day-dien-cadivi-6-0\/","title":{"rendered":"D\u00e2y \u0110i\u1ec7n Cadivi 6.0"},"content":{"rendered":"<h2><span style=\"color: #ff6600;\"><a style=\"color: #ff6600;\" href=\"https:\/\/thietbidienlama.com\/day-dien-cadivi-6-0\/\"><span style=\"font-size: 14pt;\"><strong><u>D\u00e2y \u0111i\u1ec7n cadivi 6.0<\/u><\/strong><\/span><\/a><\/span><\/h2>\n<p><span style=\"color: #000000;\">D\u00e2y \u0111i\u1ec7n cadivi CV 6.0 &#8211; 0.6\/1kv l\u00e0 s\u1ea3n ph\u1ea9m thu\u1ed9c c\u00e1p h\u1ea1 th\u1ebf CV, s\u1ea3n ph\u1ea9m c\u00f3 c\u1ea5u t\u1ea1o g\u1ed3m 1 l\u1edbp v\u1ecf b\u00ean ngo\u00e0i \u0111\u01b0\u1ee3c l\u00e0m b\u1eb1ng nh\u1ef1a PVC cao c\u1ea5p c\u00f3 kh\u1ea3 n\u0103ng c\u00e1ch \u0111i\u1ec7n t\u1ed1t, t\u1ea1o \u0111\u01b0\u1ee3c \u0111\u1ed9 an to\u00e0n khi d\u1eabn \u0111i\u1ec7n trong qu\u00e1 tr\u00ecnh s\u1eed d\u1ee5ng.<\/span><\/p>\n<h3><span style=\"font-size: 14pt;\"><strong><span style=\"color: #000000;\"><u>\u0110\u1eb7c \u0111i\u1ec3m c\u1ee7a d\u00e2y \u0111i\u1ec7n cadivi CV 6.0 &#8211; 0,6\/1kv<\/u><\/span><\/strong><\/span><\/h3>\n<ul>\n<li><span style=\"color: #000000;\">D\u00e2y \u0111i\u1ec7n cadivi CV6.0 &#8211; 0.6\/1kv thu\u1ed9c d\u00f2ng d\u00e2y d\u1eabn \u0111i\u1ec7n \u0111\u01a1n \u0111\u01b0\u1ee3c s\u1eed d\u1ee5ng truy\u1ec1n \u0111i\u1ec7n trong \u0111\u01b0\u1eddng d\u00e2y h\u1ea1 th\u1ebf.<\/span><\/li>\n<li><span style=\"color: #000000;\">Th\u01b0\u1eddng \u0111\u01b0\u1ee3c s\u1eed d\u1ee5ng l\u1eafp \u1edf c\u00e1c c\u00f4ng tr\u00ecnh d\u00e2n d\u1ee5ng, c\u00f4ng tr\u00ecnh c\u00f4ng nghi\u1ec7p ho\u1eb7c nh\u00e0 m\u00e1y, nh\u00e0 \u1edf, tr\u01b0\u1eddng h\u1ecdc.<\/span><\/li>\n<li><span style=\"color: #000000;\">Thi\u1ebft k\u1ebf m\u00e0u s\u1eafc \u0111a d\u1ea1ng, th\u00edch h\u1ee3p l\u1eafp \u0111\u1eb7t cho t\u1eebng kh\u00f4ng gian.<\/span><\/li>\n<li><span style=\"color: #000000;\">Ch\u1ecbu \u0111\u01b0\u1ee3c nhi\u1ec7t c\u1ee7a ru\u1ed9t l\u00ean \u0111\u1ebfn 70 \u0111\u1ed9 c, \u0111\u1ea3m b\u1ea3o an to\u00e0n khi g\u1eb7p c\u00e1c s\u1ef1 c\u1ed1 v\u1ec1 \u0111i\u1ec7n<\/span><\/li>\n<li><span style=\"color: #000000;\">V\u1ecf b\u1ecdc Pvc d\u1ebbo dai, \u0111\u00e0n h\u1ed3i t\u1ed1t, c\u00f3 kh\u1ea3 n\u0103ng c\u00e1ch \u0111i\u1ec7n v\u01b0\u1ee3t tr\u1ed9i nh\u1eb1m \u0111\u1ea3m b\u1ea3o \u0111\u01b0\u1eddng truy\u1ec1n \u1ed5 \u0111\u1ecbnh.<\/span><\/li>\n<\/ul>\n<h3><span style=\"font-size: 14pt;\"><strong><span style=\"color: #000000;\">Th\u00f4ng s\u1ed1 k\u1ef9 thu\u1eadt:<\/span><\/strong><\/span><\/h3>\n<p><span style=\"color: #000000;\">M\u00e3 s\u1ea3n ph\u1ea9m : CV6.0<\/span><\/p>\n<p><span style=\"color: #000000;\">Th\u01b0\u01a1ng hi\u1ec7u : Cadivi<\/span><\/p>\n<p><span style=\"color: #000000;\">\u0110\u01a1n v\u1ecb t\u00ednh : m\u00e9t<\/span><\/p>\n<p><span style=\"color: #000000;\">Chi\u1ec1u d\u00e0i : 100m\/cu\u1ed9n<\/span><\/p>\n<p><span style=\"color: #000000;\">L\u00f5i c\u00e1p: Ru\u1ed9t \u0111\u1ed3ng.<\/span><\/p>\n<p><span style=\"color: #000000;\">Ch\u1ea5t li\u1ec7u c\u00e1ch \u0111i\u1ec7n : Nh\u1ef1a Pvc<\/span><\/p>\n<p><img fetchpriority=\"high\" decoding=\"async\" class=\"alignnone size-medium wp-image-13164 aligncenter\" src=\"http:\/\/thietbidienlama.com\/wp-content\/uploads\/2024\/08\/Day-dien-Cadivi-6.0-300x300.jpg\" alt=\"D\u00e2y \u0111i\u1ec7n Cadivi 6.0\" width=\"300\" height=\"300\" srcset=\"https:\/\/www.thietbidienlama.com\/wp-content\/uploads\/2024\/08\/Day-dien-Cadivi-6.0-300x300.jpg 300w, https:\/\/www.thietbidienlama.com\/wp-content\/uploads\/2024\/08\/Day-dien-Cadivi-6.0-150x150.jpg 150w, https:\/\/www.thietbidienlama.com\/wp-content\/uploads\/2024\/08\/Day-dien-Cadivi-6.0-12x12.jpg 12w, https:\/\/www.thietbidienlama.com\/wp-content\/uploads\/2024\/08\/Day-dien-Cadivi-6.0.jpg 500w\" sizes=\"(max-width: 300px) 100vw, 300px\" \/><\/p>\n<p><span style=\"color: #000000;\"><strong><b>Mua d\u00e2y \u0111i\u1ec7n cadivi 6.0 \u1edf \u0111\u00e2u ?<\/b><\/strong><\/span><\/p>\n<p><span style=\"color: #000000;\">Kh\u00f4ng kh\u00f3 \u0111\u1ec3 b\u1ea1n c\u00f3 th\u1ec3 l\u1ef1a ch\u1ecdn \u0111\u01b0\u1ee3c \u0111\u01a1n v\u1ecb ph\u00e2n ph\u1ed1i <strong><span style=\"color: #ff6600;\"><a style=\"color: #ff6600;\" href=\"https:\/\/thietbidienlama.com\/day-dien-cadivi-6-0\/\">d\u00e2y \u0111i\u1ec7n cadivi 6.0<\/a><\/span><\/strong> , tuy nhi\u00ean h\u00e3y l\u1ef1a ch\u1ecdn m\u1ed9t n\u01a1i th\u1ef1c s\u1ef1 c\u00f3 uy t\u00edn \u0111\u1ec3 tr\u00e1nh mua nh\u1eb1m h\u00e0ng gi\u1ea3, h\u00e0ng k\u00e9m ch\u1ea5t l\u01b0\u1ee3ng.<\/span><\/p>\n<p><span style=\"color: #000000;\">V\u1edbi m\u1ed9t s\u1ea3n ph\u1ea9m h\u00e0ng gi\u1ea3, k\u00e9m ch\u1ea5t l\u01b0\u1ee3ng s\u1ebd c\u00f3 nguy c\u01a1 b\u1ecb ch\u00e1y n\u1ed5, ch\u1eadt \u0111i\u1ec7n r\u1ea5t l\u1edbn, kh\u00f4ng \u0111\u1ea3m b\u1ea3o \u0111\u01b0\u1ee3c kh\u1ea3 n\u0103ng truy\u1ec1n t\u1ea3i \u0111i\u1ec7n n\u0103ng \u0111\u1ebfn c\u00e1c thi\u1ebft b\u1ecb ti\u00eau th\u1ee5 \u0111i\u1ec7n to\u00e0n h\u1ec7 th\u1ed1ng c\u00e1c t\u00f2a nh\u00e0.<\/span><\/p>\n<p><span style=\"color: #000000;\"><strong><b>Nh\u00e0 Ph\u00e2n Ph\u1ed1i d\u00e2y \u0111i\u1ec7n cadivi 6.0 gi\u00e1 t\u1ed1t nh\u1ea5t t\u1ea1i tphcm ?<\/b><\/strong><\/span><\/p>\n<p><span style=\"color: #000000;\">Lama hi\u1ec7n t\u1ea1i l\u00e0 nh\u00e0 ph\u00e2n ph\u1ed1i ch\u00ednh th\u1ee9c c\u1ee7a d\u00e2y \u0111i\u1ec7n cadivi 6.0, m\u1ee9c chi\u1ebft kh\u1ea5u cao l\u00ean \u0111\u1ebfn 39% \u2013 V\u1edbi kinh nghi\u1ec7m h\u01a1n 10 n\u0103m trong ngh\u1ec1 hi\u1ec7n t\u1ea1i \u0111ang nh\u1eadp tr\u1ef1c ti\u1ebfp s\u1ea3n ph\u1ea9m cadivi t\u1eeb nh\u00e0 m\u00e1y v\u00e0 x\u00ed nghi\u1ec7p s\u1ea3n xu\u1ea5t nh\u01b0 x\u00ed nghi\u1ec7p T\u00e2n \u00c1, X\u00ed nghi\u1ec7p Mi\u1ec1n \u0110\u00f4ng, cadivi \u0110\u1ed3ng Nai\u2026<\/span><\/p>\n<p><span style=\"color: #000000;\">N\u1ebfu b\u1ea1n l\u00e0 C\u00f4ng Ty X\u00e2y D\u1ef1ng, nh\u00e0 th\u1ea7u \u0111i\u1ec7n , \u0111i\u1ec7n l\u1ea1nh c\u1ea7n s\u1ed1 l\u01b0\u1ee3ng h\u00e0ng h\u00f3a l\u1edbn h\u00e3y li\u00ean h\u1ec7 ngay v\u1edbi LAMA \u0111\u1ec3 c\u00f3 m\u1ee9c chi\u1ebft kh\u1ea5u t\u1ed1t nh\u1ea5t nh\u00e9.<\/span><\/p>\n<p>&nbsp;<\/p>\n<p><span style=\"font-size: 12pt; color: #000000;\"><strong>LI\u00caN H\u1ec6 : Hotline: 0935 228 204 ( Ms Lam )<\/strong><\/span><\/p>\n<p><span style=\"font-size: 12pt; color: #000000;\"><strong>Facebook:\u00a0<span style=\"color: #ff6600;\"><a style=\"color: #ff6600;\" href=\"https:\/\/www.facebook.com\/thietbidienlama\" target=\"_blank\" rel=\"noopener\">THI\u1ebeT\u00a0B\u1eca \u0110I\u1ec6N LAMA<\/a><\/span><\/strong><\/span><\/p>\n<p><span style=\"font-size: 12pt; color: #000000;\"><strong>Tiktok:\u00a0<span style=\"color: #ff6600;\"><a style=\"color: #ff6600;\" href=\"https:\/\/www.tiktok.com\/@thietbidienlama\" target=\"_blank\" rel=\"noopener\">THI\u1ebeT\u00a0B\u1eca \u0110I\u1ec6N LAMA<\/a><\/span><\/strong><\/span><\/p>","protected":false},"excerpt":{"rendered":"<p>D\u00e2y \u0111i\u1ec7n cadivi 6.0 D\u00e2y \u0111i\u1ec7n cadivi CV 6.0 &#8211; 0.6\/1kv l\u00e0 s\u1ea3n ph\u1ea9m thu\u1ed9c c\u00e1p h\u1ea1 th\u1ebf CV, s\u1ea3n<\/p>","protected":false},"featured_media":13164,"comment_status":"closed","ping_status":"closed","template":"","meta":[],"product_brand":[],"product_cat":[565,564],"product_tag":[875,876,877,878,879,880,617,618,874],"class_list":{"0":"post-11023","1":"product","2":"type-product","3":"status-publish","4":"has-post-thumbnail","6":"product_cat-day-dien-cadivi","7":"product_cat-day-va-cap-dien","8":"product_tag-cadivi-6-0","9":"product_tag-cadivi-cv-6-0","10":"product_tag-cap-cadivi-6-0","11":"product_tag-cap-dien-cadivi-6-0","12":"product_tag-day-6-0-cadivi","13":"product_tag-day-cap-dien-cadivi-6-0","14":"product_tag-day-dien-cadivi-6-0","15":"product_tag-gia-day-dien-cadivi-6-0","16":"product_tag-gia-day-dien-cadivi-6-0-don","18":"first","19":"instock","20":"sale","21":"shipping-taxable","22":"purchasable","23":"product-type-simple"},"_links":{"self":[{"href":"https:\/\/www.thietbidienlama.com\/en\/wp-json\/wp\/v2\/product\/11023","targetHints":{"allow":["GET"]}}],"collection":[{"href":"https:\/\/www.thietbidienlama.com\/en\/wp-json\/wp\/v2\/product"}],"about":[{"href":"https:\/\/www.thietbidienlama.com\/en\/wp-json\/wp\/v2\/types\/product"}],"replies":[{"embeddable":true,"href":"https:\/\/www.thietbidienlama.com\/en\/wp-json\/wp\/v2\/comments?post=11023"}],"version-history":[{"count":6,"href":"https:\/\/www.thietbidienlama.com\/en\/wp-json\/wp\/v2\/product\/11023\/revisions"}],"predecessor-version":[{"id":13165,"href":"https:\/\/www.thietbidienlama.com\/en\/wp-json\/wp\/v2\/product\/11023\/revisions\/13165"}],"wp:featuredmedia":[{"embeddable":true,"href":"https:\/\/www.thietbidienlama.com\/en\/wp-json\/wp\/v2\/media\/13164"}],"wp:attachment":[{"href":"https:\/\/www.thietbidienlama.com\/en\/wp-json\/wp\/v2\/media?parent=11023"}],"wp:term":[{"taxonomy":"product_brand","embeddable":true,"href":"https:\/\/www.thietbidienlama.com\/en\/wp-json\/wp\/v2\/product_brand?post=11023"},{"taxonomy":"product_cat","embeddable":true,"href":"https:\/\/www.thietbidienlama.com\/en\/wp-json\/wp\/v2\/product_cat?post=11023"},{"taxonomy":"product_tag","embeddable":true,"href":"https:\/\/www.thietbidienlama.com\/en\/wp-json\/wp\/v2\/product_tag?post=11023"}],"curies":[{"name":"wp","href":"https:\/\/api.w.org\/{rel}","templated":true}]}}