{"id":11020,"date":"2024-08-05T11:25:44","date_gmt":"2024-08-05T04:25:44","guid":{"rendered":"https:\/\/thietbidienlama.com\/?post_type=product&#038;p=11020"},"modified":"2026-01-12T14:13:40","modified_gmt":"2026-01-12T07:13:40","slug":"day-dien-cadivi-5-5","status":"publish","type":"product","link":"https:\/\/www.thietbidienlama.com\/en\/day-dien-cadivi-5-5\/","title":{"rendered":"D\u00e2y \u0110i\u1ec7n Cadivi 5.5"},"content":{"rendered":"<p><span style=\"color: #000000;\">D\u00e2y \u0111i\u1ec7n cadivi 5.5mm2 ru\u1ed9t \u0111\u1ed3ng v\u1edbi v\u1ecf b\u1ecdc PVC c\u00e1ch \u0111i\u1ec7n ch\u1ea5t l\u01b0\u1ee3ng cao, mang \u0111\u1ebfn \u0111\u1ed9 b\u1ec1n v\u00e0 an to\u00e0n \u0111i\u1ec7n, ch\u1ed1ng ch\u00e1y, ch\u1eadp \u0111i\u1ec7n t\u1ed1t. S\u1ea3n ph\u1ea9m d\u00e2y v\u00e0 c\u00e1p \u0111i\u1ec7n c\u1ee7a Cadivi d\u1eabn \u0111i\u1ec7n t\u1ed1t, c\u00e1ch \u0111i\u1ec7n an to\u00e0n, ti\u1ebft ki\u1ec7m \u0111i\u1ec7n.<\/span><\/p>\n<p><span style=\"color: #000000;\">M\u00e3 SP: CV5.5<\/span><\/p>\n<p><span style=\"color: #000000;\">Nh\u00e0 s\u1ea3n xu\u1ea5t: CADIVI<\/span><\/p>\n<p><span style=\"color: #000000;\">Quy ca\u0301ch: Cu\u00f4\u0323n 100m<\/span><\/p>\n<p><span style=\"color: #000000;\">S\u1ea3n xu\u1ea5t theo ti\u00eau chu\u1ea9n: AS\/NZS 5000.1, AS\/NZS 1125<\/span><\/p>\n<p><span style=\"color: #000000;\">Nhi\u1ec7t \u0111\u1ed9 l\u00e0m vi\u1ec7c d\u00e0i h\u1ea1n cho ph\u00e9p c\u1ee7a ru\u1ed9t d\u1eabn l\u00e0 70oC<\/span><\/p>\n<p><span style=\"color: #000000;\">D\u00e2y CV d\u00f9ng cho h\u1ec7 th\u1ed1ng truy\u1ec1n t\u1ea3i \u00a0v\u00e0 ph\u00e2n ph\u1ed1i \u0111i\u1ec7n, c\u1ea5p \u0111i\u1ec7n \u00e1p 450\/750 V, l\u1eafp \u0111\u1eb7t c\u1ed1 \u0111\u1ecbnh<\/span><\/p>\n<p><span style=\"color: #000000;\">Tr\u1ecdng l\u01b0\u1ee3ng g\u1ea7n \u0111\u00fang : 5.5kg\/1 cu\u1ed9n\/100m.<\/span><\/p>\n<p><img fetchpriority=\"high\" decoding=\"async\" class=\"size-full wp-image-10949 aligncenter\" src=\"https:\/\/thietbidienlama.com\/wp-content\/uploads\/2024\/07\/day-cap-dien-don-cadivi-1.0.webp\" alt=\"\" width=\"225\" height=\"225\" srcset=\"https:\/\/www.thietbidienlama.com\/wp-content\/uploads\/2024\/07\/day-cap-dien-don-cadivi-1.0.webp 225w, https:\/\/www.thietbidienlama.com\/wp-content\/uploads\/2024\/07\/day-cap-dien-don-cadivi-1.0-150x150.webp 150w, https:\/\/www.thietbidienlama.com\/wp-content\/uploads\/2024\/07\/day-cap-dien-don-cadivi-1.0-12x12.webp 12w\" sizes=\"(max-width: 225px) 100vw, 225px\" \/><\/p>\n<p>&nbsp;<\/p>\n<p><span style=\"color: #000000;\"><strong><b>Mua d\u00e2y \u0111i\u1ec7n cadivi 5.5 \u1edf \u0111\u00e2u ?<\/b><\/strong><\/span><\/p>\n<p><span style=\"color: #000000;\">Kh\u00f4ng kh\u00f3 \u0111\u1ec3 b\u1ea1n c\u00f3 th\u1ec3 l\u1ef1a ch\u1ecdn \u0111\u01b0\u1ee3c \u0111\u01a1n v\u1ecb ph\u00e2n ph\u1ed1i d\u00e2y \u0111i\u1ec7n cadivi 5.5 , tuy nhi\u00ean h\u00e3y l\u1ef1a ch\u1ecdn m\u1ed9t n\u01a1i th\u1ef1c s\u1ef1 c\u00f3 uy t\u00edn \u0111\u1ec3 tr\u00e1nh mua nh\u1eb1m h\u00e0ng gi\u1ea3, h\u00e0ng k\u00e9m ch\u1ea5t l\u01b0\u1ee3ng.<\/span><\/p>\n<p><span style=\"color: #000000;\">V\u1edbi m\u1ed9t s\u1ea3n ph\u1ea9m h\u00e0ng gi\u1ea3, k\u00e9m ch\u1ea5t l\u01b0\u1ee3ng s\u1ebd c\u00f3 nguy c\u01a1 b\u1ecb ch\u00e1y n\u1ed5, ch\u1eadt \u0111i\u1ec7n r\u1ea5t l\u1edbn, kh\u00f4ng \u0111\u1ea3m b\u1ea3o \u0111\u01b0\u1ee3c kh\u1ea3 n\u0103ng truy\u1ec1n t\u1ea3i \u0111i\u1ec7n n\u0103ng \u0111\u1ebfn c\u00e1c thi\u1ebft b\u1ecb ti\u00eau th\u1ee5 \u0111i\u1ec7n to\u00e0n h\u1ec7 th\u1ed1ng c\u00e1c t\u00f2a nh\u00e0.<\/span><\/p>\n<p><span style=\"color: #000000;\"><strong><b>Nh\u00e0 Ph\u00e2n Ph\u1ed1i d\u00e2y \u0111i\u1ec7n cadivi 5.5 gi\u00e1 t\u1ed1t nh\u1ea5t t\u1ea1i tphcm ?<\/b><\/strong><\/span><\/p>\n<p><span style=\"color: #000000;\">Lama hi\u1ec7n t\u1ea1i l\u00e0 nh\u00e0 ph\u00e2n ph\u1ed1i ch\u00ednh th\u1ee9c c\u1ee7a d\u00e2y \u0111i\u1ec7n cadivi 5.5, m\u1ee9c chi\u1ebft kh\u1ea5u cao l\u00ean \u0111\u1ebfn 39% \u2013 V\u1edbi kinh nghi\u1ec7m h\u01a1n 10 n\u0103m trong ngh\u1ec1 hi\u1ec7n t\u1ea1i \u0111ang nh\u1eadp tr\u1ef1c ti\u1ebfp s\u1ea3n ph\u1ea9m cadivi t\u1eeb nh\u00e0 m\u00e1y v\u00e0 x\u00ed nghi\u1ec7p s\u1ea3n xu\u1ea5t nh\u01b0 x\u00ed nghi\u1ec7p T\u00e2n \u00c1, X\u00ed nghi\u1ec7p Mi\u1ec1n \u0110\u00f4ng, cadivi \u0110\u1ed3ng Nai\u2026<\/span><\/p>\n<p><span style=\"color: #000000;\">Lama hi\u1ec7n t\u1ea1i c\u00f3 c\u1eeda h\u00e0ng t\u1ea1i 78 \u0110\u1ed7 Xu\u00e2n H\u1ee3p, Ph\u01b0\u1eddng Ph\u01b0\u1edbc Long B, Tp Th\u1ee7 \u0110\u1ee9c, Tphcm. Cho n\u00ean vi\u1ec7c di chuy\u1ec3n trong th\u00e0nh ph\u1ed1 c\u1ef1c k\u1ef3 ti\u1ec7n l\u1ee3i, V\u00ec th\u1ebf ch\u1ec9 c\u1ea7n kh\u00e1ch h\u00e0ng y\u00eau c\u1ea7u \u0111\u01a1n l\u1eadp t\u1ee9c LAMA s\u1ebd v\u1eadn chuy\u1ec3n \u0111\u01a1n h\u00e0ng \u0111\u1ebfn t\u1eadn n\u01a1i kh\u00e1ch h\u00e0ng y\u00eau c\u1ea7u. <\/span><span style=\"color: #000000;\">N\u1ebfu b\u1ea1n l\u00e0 C\u00f4ng Ty X\u00e2y D\u1ef1ng, nh\u00e0 th\u1ea7u \u0111i\u1ec7n , \u0111i\u1ec7n l\u1ea1nh c\u1ea7n s\u1ed1 l\u01b0\u1ee3ng h\u00e0ng h\u00f3a l\u1edbn h\u00e3y li\u00ean h\u1ec7 ngay v\u1edbi LAMA \u0111\u1ec3 c\u00f3 m\u1ee9c chi\u1ebft kh\u1ea5u t\u1ed1t nh\u1ea5t nh\u00e9.<\/span><\/p>\n<p>&nbsp;<\/p>\n<p><span style=\"color: #000000;\"><strong><em><i>LI\u00caN H\u1ec6 :<\/i><\/em><\/strong><\/span><\/p>\n<p><span style=\"color: #000000;\"><strong><b>\u0110\u1ecba ch\u1ec9:\u00a0<span style=\"color: #ff0000;\">78 \u0110\u1ed7 Xu\u00e2n H\u1ee3p, Ph\u01b0\u1edbc Long B, Th\u1ee7 \u0110\u1ee9c, Th\u00e0nh ph\u1ed1 H\u1ed3 Ch\u00ed Minh<\/span><\/b><\/strong><\/span><\/p>\n<p><span style=\"color: #000000;\"><strong><b>Hotline:\u00a0<span style=\"color: #ff0000;\">0935 228 204 ( Ms Lam )<\/span><\/b><\/strong><\/span><\/p>\n<p><span style=\"color: #000000;\"><strong><b>Email:<span style=\"color: #ff0000;\">\u00a0vatlieuxaydunglama@gmail.com<\/span><\/b><\/strong><\/span><\/p>\n<p><span style=\"color: #000000;\"><strong><b>Website:\u00a0<\/b><\/strong><span style=\"color: #ff0000;\"><a style=\"color: #ff0000;\" href=\"https:\/\/thietbidienlama.com\/\"><strong><b>https:\/\/thietbidienlama.com<\/b><\/strong><\/a><\/span><\/span><\/p>\n<p><span style=\"color: #000000;\"><strong><b>YouTube:\u00a0<\/b><\/strong><span style=\"color: #ff0000;\"><strong><b>V\u1eadt Li\u1ec7u X\u00e2y D\u1ef1ng LAMA<\/b><\/strong><\/span><\/span><\/p>\n<p><span style=\"color: #000000;\"><strong><b>Facebook:<\/b><\/strong>\u00a0<span style=\"color: #ff0000;\"><a style=\"color: #ff0000;\" href=\"https:\/\/www.facebook.com\/vatlieuxaydunglamaquan9\" target=\"_blank\" rel=\"noopener\"><strong><b>V\u1eadt Li\u1ec7u X\u00e2y D\u1ef1ng LAMA<\/b><\/strong><\/a><\/span><\/span><\/p>\n<p>&nbsp;<\/p>","protected":false},"excerpt":{"rendered":"<p>D\u00e2y \u0111i\u1ec7n cadivi 5.5mm2 ru\u1ed9t \u0111\u1ed3ng v\u1edbi v\u1ecf b\u1ecdc PVC c\u00e1ch \u0111i\u1ec7n ch\u1ea5t l\u01b0\u1ee3ng cao, mang \u0111\u1ebfn \u0111\u1ed9 b\u1ec1n v\u00e0<\/p>","protected":false},"featured_media":10949,"comment_status":"closed","ping_status":"closed","template":"","meta":[],"product_brand":[],"product_cat":[501,565],"product_tag":[614,615,616],"class_list":{"0":"post-11020","1":"product","2":"type-product","3":"status-publish","4":"has-post-thumbnail","6":"product_cat-thiet-bi-dien","7":"product_cat-day-dien-cadivi","8":"product_tag-day-dien-cadivi-5-5","9":"product_tag-gia-day-dien-cadivi-5-5","10":"product_tag-nha-phan-phoi-day-cadivi-5-5","12":"first","13":"instock","14":"sale","15":"shipping-taxable","16":"purchasable","17":"product-type-simple"},"_links":{"self":[{"href":"https:\/\/www.thietbidienlama.com\/en\/wp-json\/wp\/v2\/product\/11020","targetHints":{"allow":["GET"]}}],"collection":[{"href":"https:\/\/www.thietbidienlama.com\/en\/wp-json\/wp\/v2\/product"}],"about":[{"href":"https:\/\/www.thietbidienlama.com\/en\/wp-json\/wp\/v2\/types\/product"}],"replies":[{"embeddable":true,"href":"https:\/\/www.thietbidienlama.com\/en\/wp-json\/wp\/v2\/comments?post=11020"}],"version-history":[{"count":3,"href":"https:\/\/www.thietbidienlama.com\/en\/wp-json\/wp\/v2\/product\/11020\/revisions"}],"predecessor-version":[{"id":11031,"href":"https:\/\/www.thietbidienlama.com\/en\/wp-json\/wp\/v2\/product\/11020\/revisions\/11031"}],"wp:featuredmedia":[{"embeddable":true,"href":"https:\/\/www.thietbidienlama.com\/en\/wp-json\/wp\/v2\/media\/10949"}],"wp:attachment":[{"href":"https:\/\/www.thietbidienlama.com\/en\/wp-json\/wp\/v2\/media?parent=11020"}],"wp:term":[{"taxonomy":"product_brand","embeddable":true,"href":"https:\/\/www.thietbidienlama.com\/en\/wp-json\/wp\/v2\/product_brand?post=11020"},{"taxonomy":"product_cat","embeddable":true,"href":"https:\/\/www.thietbidienlama.com\/en\/wp-json\/wp\/v2\/product_cat?post=11020"},{"taxonomy":"product_tag","embeddable":true,"href":"https:\/\/www.thietbidienlama.com\/en\/wp-json\/wp\/v2\/product_tag?post=11020"}],"curies":[{"name":"wp","href":"https:\/\/api.w.org\/{rel}","templated":true}]}}