{"id":10735,"date":"2024-06-24T11:58:57","date_gmt":"2024-06-24T04:58:57","guid":{"rendered":"https:\/\/thietbidienlama.com\/?post_type=product&#038;p=10735"},"modified":"2026-01-12T14:12:58","modified_gmt":"2026-01-12T07:12:58","slug":"day-dien-cadivi-4-0","status":"publish","type":"product","link":"https:\/\/www.thietbidienlama.com\/en\/day-dien-cadivi-4-0\/","title":{"rendered":"D\u00e2y \u0110i\u1ec7n Cadivi 4.0"},"content":{"rendered":"<h2><span style=\"font-size: 14pt;\"><strong><span style=\"color: #000000;\">D\u00e2y \u0110i\u1ec7n Cadivi 4.0<\/span><\/strong><\/span><\/h2>\n<p><span style=\"color: #000000;\">D\u00e2y \u0111i\u1ec7n Cadivi 4.0 mm2 g\u1ed3m ru\u1ed9t \u0111\u1ed3ng tinh ch\u1ea5t, v\u1edbi 1 l\u1edbp v\u1ecf b\u1ecdc c\u00e1ch \u0111i\u1ec7n PVC. D\u00e2y c\u00e1p \u0111i\u1ec7n CADIVI ch\u1ea5t l\u01b0\u1ee3ng b\u1ec1n v\u1eefng, ch\u00ednh x\u00e1c y\u00eau c\u1ea7u k\u1ef9 thu\u1eadt.D\u00e2y c\u00e1p \u0111i\u00ea\u0323n Cadivi 4.0 mm2 g\u1ed3m ru\u1ed9t \u0111\u1ed3ng tinh ch\u1ea5t, v\u01a1\u0301i 1 l\u1edbp v\u1ecf b\u1ecdc c\u00e1ch \u0111i\u1ec7n PVC ch\u00e2\u0301t l\u01b0\u01a1\u0323ng cao, \u0111i\u1ec7n \u00e1p ch\u1ecbu t\u1ea3i ( t\u1ed1i \u0111a ): 450V AC ( 750V AC ).<\/span><\/p>\n<p><span style=\"color: #000000;\">Ca\u0301c sa\u0309n ph\u00e2\u0309m d\u00e2y ca\u0301p \u0111i\u00ea\u0323n CADIVI ch\u1ea5t l\u01b0\u1ee3ng b\u1ec1n v\u1eefng, ki\u1ec3u d\u00e1ng th\u1ea9m m\u1ef9, ch\u00ednh x\u00e1c y\u00eau c\u1ea7u v\u1ec1 k\u1ef9 thu\u1eadt, gi\u00e1 th\u00e0nh ca\u0323nh tranh.<\/span><\/p>\n<p><span style=\"color: #000000;\"><strong><b>Mua d\u00e2y \u0111i\u1ec7n cadivi 4.0<\/b><\/strong><strong><b>\u00a0\u1edf \u0111\u00e2u ?<\/b><\/strong><\/span><\/p>\n<p><span style=\"color: #000000;\">Kh\u00f4ng kh\u00f3 \u0111\u1ec3 b\u1ea1n c\u00f3 th\u1ec3 l\u1ef1a ch\u1ecdn \u0111\u01b0\u1ee3c \u0111\u01a1n v\u1ecb ph\u00e2n ph\u1ed1i d\u00e2y \u0111i\u1ec7n cadivi 4.0 , tuy nhi\u00ean h\u00e3y l\u1ef1a ch\u1ecdn m\u1ed9t n\u01a1i th\u1ef1c s\u1ef1 c\u00f3 uy t\u00edn \u0111\u1ec3 tr\u00e1nh mua nh\u1eb1m h\u00e0ng gi\u1ea3, h\u00e0ng k\u00e9m ch\u1ea5t l\u01b0\u1ee3ng.<\/span><\/p>\n<p><span style=\"color: #000000;\">V\u1edbi m\u1ed9t s\u1ea3n ph\u1ea9m h\u00e0ng gi\u1ea3, k\u00e9m ch\u1ea5t l\u01b0\u1ee3ng s\u1ebd c\u00f3 nguy c\u01a1 b\u1ecb ch\u00e1y n\u1ed5, ch\u1eadt \u0111i\u1ec7n r\u1ea5t l\u1edbn, kh\u00f4ng \u0111\u1ea3m b\u1ea3o \u0111\u01b0\u1ee3c kh\u1ea3 n\u0103ng truy\u1ec1n t\u1ea3i \u0111i\u1ec7n n\u0103ng \u0111\u1ebfn c\u00e1c thi\u1ebft b\u1ecb ti\u00eau th\u1ee5 \u0111i\u1ec7n to\u00e0n h\u1ec7 th\u1ed1ng c\u00e1c t\u00f2a nh\u00e0.<\/span><\/p>\n<p><span style=\"color: #000000;\"><strong><b>Nh\u00e0 Ph\u00e2n Ph\u1ed1i d\u00e2y \u0111i\u1ec7n cadivi 4.0<\/b><\/strong><strong><b> gi\u00e1 t\u1ed1t nh\u1ea5t t\u1ea1i Tphcm ?<\/b><\/strong><\/span><\/p>\n<p><span style=\"color: #000000;\">Lama hi\u1ec7n t\u1ea1i l\u00e0 nh\u00e0 ph\u00e2n ph\u1ed1i ch\u00ednh th\u1ee9c c\u1ee7a d\u00e2y \u0111i\u1ec7n cadivi 4.0, m\u1ee9c chi\u1ebft kh\u1ea5u cao l\u00ean \u0111\u1ebfn 39% \u2013 V\u1edbi kinh nghi\u1ec7m h\u01a1n 10 n\u0103m trong ngh\u1ec1 hi\u1ec7n t\u1ea1i \u0111ang nh\u1eadp tr\u1ef1c ti\u1ebfp s\u1ea3n ph\u1ea9m cadivi t\u1eeb nh\u00e0 m\u00e1y v\u00e0 x\u00ed nghi\u1ec7p s\u1ea3n xu\u1ea5t nh\u01b0 x\u00ed nghi\u1ec7p T\u00e2n \u00c1, X\u00ed nghi\u1ec7p Mi\u1ec1n \u0110\u00f4ng, cadivi \u0110\u1ed3ng Nai\u2026<\/span><\/p>\n<p><span style=\"color: #000000;\">Lama hi\u1ec7n t\u1ea1i c\u00f3 c\u1eeda h\u00e0ng t\u1ea1i 78 \u0110\u1ed7 Xu\u00e2n H\u1ee3p, Ph\u01b0\u1eddng Ph\u01b0\u1edbc Long B, Tp Th\u1ee7 \u0110\u1ee9c, Tphcm. Cho n\u00ean vi\u1ec7c di chuy\u1ec3n trong th\u00e0nh ph\u1ed1 c\u1ef1c k\u1ef3 ti\u1ec7n l\u1ee3i, V\u00ec th\u1ebf ch\u1ec9 c\u1ea7n kh\u00e1ch h\u00e0ng y\u00eau c\u1ea7u \u0111\u01a1n l\u1eadp t\u1ee9c LAMA s\u1ebd v\u1eadn chuy\u1ec3n \u0111\u1ebfn c\u00f4ng tr\u00ecnh x\u00e2y d\u1ef1ng<\/span><\/p>\n<p>&nbsp;<\/p>\n<p class=\"Y3BBE\" data-hveid=\"CAEICBAA\" data-complete=\"true\" data-processed=\"true\"><span style=\"font-size: 12pt; color: #000000;\"><strong>LI\u00caN H\u1ec6 : Hotline: 0935 228 204 ( Ms Lam )<\/strong><\/span><\/p>\n<p><span style=\"font-size: 12pt; color: #000000;\"><strong>Facebook:\u00a0<span style=\"color: #ff6600;\"><a style=\"color: #ff6600;\" href=\"https:\/\/www.facebook.com\/thietbidienlama\" target=\"_blank\" rel=\"noopener\">THI\u1ebeT\u00a0B\u1eca \u0110I\u1ec6N LAMA<\/a><\/span><\/strong><\/span><\/p>\n<p><span style=\"font-size: 12pt; color: #000000;\"><strong>Tiktok:\u00a0<span style=\"color: #ff6600;\"><a style=\"color: #ff6600;\" href=\"https:\/\/www.tiktok.com\/@thietbidienlama\" target=\"_blank\" rel=\"noopener\">THI\u1ebeT\u00a0B\u1eca \u0110I\u1ec6N LAMA<\/a><\/span><\/strong><\/span><\/p>","protected":false},"excerpt":{"rendered":"<p>D\u00e2y \u0110i\u1ec7n Cadivi 4.0 D\u00e2y \u0111i\u1ec7n Cadivi 4.0 mm2 g\u1ed3m ru\u1ed9t \u0111\u1ed3ng tinh ch\u1ea5t, v\u1edbi 1 l\u1edbp v\u1ecf b\u1ecdc c\u00e1ch<\/p>","protected":false},"featured_media":13162,"comment_status":"closed","ping_status":"closed","template":"","meta":[],"product_brand":[],"product_cat":[565,564],"product_tag":[584,585,586,763],"class_list":{"0":"post-10735","1":"product","2":"type-product","3":"status-publish","4":"has-post-thumbnail","6":"product_cat-day-dien-cadivi","7":"product_cat-day-va-cap-dien","8":"product_tag-day-dien-cadivi","9":"product_tag-day-dien-cadivi-4-0","10":"product_tag-gia-day-dien-cadivi-4-0","11":"product_tag-mua-day-dien-cadivi-o-dau","13":"first","14":"instock","15":"sale","16":"shipping-taxable","17":"purchasable","18":"product-type-simple"},"_links":{"self":[{"href":"https:\/\/www.thietbidienlama.com\/en\/wp-json\/wp\/v2\/product\/10735","targetHints":{"allow":["GET"]}}],"collection":[{"href":"https:\/\/www.thietbidienlama.com\/en\/wp-json\/wp\/v2\/product"}],"about":[{"href":"https:\/\/www.thietbidienlama.com\/en\/wp-json\/wp\/v2\/types\/product"}],"replies":[{"embeddable":true,"href":"https:\/\/www.thietbidienlama.com\/en\/wp-json\/wp\/v2\/comments?post=10735"}],"version-history":[{"count":8,"href":"https:\/\/www.thietbidienlama.com\/en\/wp-json\/wp\/v2\/product\/10735\/revisions"}],"predecessor-version":[{"id":13600,"href":"https:\/\/www.thietbidienlama.com\/en\/wp-json\/wp\/v2\/product\/10735\/revisions\/13600"}],"wp:featuredmedia":[{"embeddable":true,"href":"https:\/\/www.thietbidienlama.com\/en\/wp-json\/wp\/v2\/media\/13162"}],"wp:attachment":[{"href":"https:\/\/www.thietbidienlama.com\/en\/wp-json\/wp\/v2\/media?parent=10735"}],"wp:term":[{"taxonomy":"product_brand","embeddable":true,"href":"https:\/\/www.thietbidienlama.com\/en\/wp-json\/wp\/v2\/product_brand?post=10735"},{"taxonomy":"product_cat","embeddable":true,"href":"https:\/\/www.thietbidienlama.com\/en\/wp-json\/wp\/v2\/product_cat?post=10735"},{"taxonomy":"product_tag","embeddable":true,"href":"https:\/\/www.thietbidienlama.com\/en\/wp-json\/wp\/v2\/product_tag?post=10735"}],"curies":[{"name":"wp","href":"https:\/\/api.w.org\/{rel}","templated":true}]}}