{"id":10569,"date":"2024-06-11T08:49:55","date_gmt":"2024-06-11T01:49:55","guid":{"rendered":"https:\/\/thietbidienlama.com\/?post_type=product&#038;p=10569"},"modified":"2026-01-12T14:12:38","modified_gmt":"2026-01-12T07:12:38","slug":"day-dien-cadivi-3-5","status":"publish","type":"product","link":"https:\/\/www.thietbidienlama.com\/en\/day-dien-cadivi-3-5\/","title":{"rendered":"D\u00e2y \u0110i\u1ec7n Cadivi 3.5"},"content":{"rendered":"<h2><span style=\"color: #000000;\"><strong><b>D\u00e2y<\/b><\/strong><strong><b>\u00a0<\/b><\/strong><strong><b>\u0111i\u1ec7n Cadivi 3.5<\/b><\/strong><\/span><\/h2>\n<p><img fetchpriority=\"high\" decoding=\"async\" class=\"aligncenter wp-image-13162 size-medium\" src=\"http:\/\/thietbidienlama.com\/wp-content\/uploads\/2024\/06\/Day-dien-Cadivi-2.5-300x300.jpg\" alt=\"D\u00e2y \u0110i\u1ec7n Cadivi 3.5\" width=\"300\" height=\"300\" srcset=\"https:\/\/www.thietbidienlama.com\/wp-content\/uploads\/2024\/06\/Day-dien-Cadivi-2.5-300x300.jpg 300w, https:\/\/www.thietbidienlama.com\/wp-content\/uploads\/2024\/06\/Day-dien-Cadivi-2.5-150x150.jpg 150w, https:\/\/www.thietbidienlama.com\/wp-content\/uploads\/2024\/06\/Day-dien-Cadivi-2.5-12x12.jpg 12w, https:\/\/www.thietbidienlama.com\/wp-content\/uploads\/2024\/06\/Day-dien-Cadivi-2.5.jpg 500w\" sizes=\"(max-width: 300px) 100vw, 300px\" \/><\/p>\n<p>&nbsp;<\/p>\n<p><span style=\"color: #ff6600;\"><strong><a style=\"color: #ff6600;\" href=\"https:\/\/thietbidienlama.com\/day-dien-cadivi-3-5\/\">D\u00e2y \u0110i\u1ec7n Cadivi 3.5<\/a><\/strong><\/span><span style=\"color: #000000;\"> mm2 ru\u00f4\u0323t \u0111\u00f4\u0300ng v\u01a1\u0301i vo\u0309 bo\u0323c PVC ca\u0301ch \u0111i\u00ea\u0323n ch\u00e2\u0301t l\u01b0\u01a1\u0323ng cao, mang \u0111\u00ea\u0301n \u0111\u00f4\u0323 b\u00ea\u0300n va\u0300 an toa\u0300n \u0111i\u00ea\u0323n, ch\u00f4\u0301ng cha\u0301y, ch\u00e2\u0323p \u0111i\u00ea\u0323n t\u00f4\u0301t. S\u1ea3n ph\u1ea9m d\u00e2y v\u00e0 c\u00e1p \u0111i\u1ec7n c\u1ee7a CADIVI \u201cd\u1eabn \u0111i\u1ec7n t\u1ed1t \u2013 c\u00e1ch \u0111i\u1ec7n an to\u00e0n \u2013 ti\u1ebft ki\u1ec7m \u0111i\u1ec7n\u201d.<\/span><\/p>\n<p><span style=\"color: #000000;\">D\u00e2y ca\u0301p \u0111i\u1ec7n CADIVI CV 3.5 mm2 \u0111\u01b0\u1ee3c s\u1ea3n xu\u1ea5t v\u00e0 ki\u1ec3m tra theo c\u00e1c ti\u00eau chu\u1ea9n qu\u1ed1c gia (TCVN) c\u0169ng nh\u01b0 c\u00e1c ti\u00eau chu\u1ea9n qu\u1ed1c t\u1ebf nh\u01b0 IEC, ASTM, UL, JIS, AS, BS, DIN, \u2026. CADIVI l\u00e0 doanh nghi\u1ec7p nh\u00e0 n\u01b0\u1edbc v\u1ec1 s\u1ea3n xu\u1ea5t v\u00e0 kinh doanh \u0111\u1ea7u ti\u00ean \u0111\u01b0\u1ee3c c\u1ea5p gi\u1ea5y ch\u1ee9ng nh\u1eadn H\u1ec7 th\u1ed1ng qu\u1ea3n l\u00fd ch\u1ea5t l\u01b0\u1ee3ng qu\u1ed1c t\u1ebf ISO 9002:1994 v\u00e0 chuy\u1ec3n \u0111\u1ed5i sang ISO 9001:2008 v\u00e0o th\u00e1ng 3\/2011.<\/span><\/p>\n<p><span style=\"color: #000000;\"><strong><b>\u0110\u1eb7c \u0111i\u1ec3m d\u00e2y<\/b><\/strong><strong><b>\u00a0<\/b><\/strong><strong><b>\u0111i\u1ec7n Cadivi 3.5<\/b><\/strong><\/span><\/p>\n<p><span style=\"color: #000000;\">S\u1ea3n ph\u1ea9m c\u00f3 m\u1ed9t l\u1edbp l\u00f5i \u0111\u1ed3ng b\u00ean trong th\u1ef1c hi\u1ec7n ch\u1ee9c n\u0103ng d\u1eabn \u0111i\u1ec7n t\u1ed1t, l\u1edbp v\u1ecf b\u1ecdc b\u00ean ngo\u00e0i b\u1eb1ng nh\u1ef1a PVC cao c\u1ea5p.<\/span><\/p>\n<p><span style=\"color: #000000;\">D\u00c2Y \u0110I\u1ec6N \u0110\u01a0N 3.5 CADIVI c\u00f3 m\u1eb7t c\u1eaft danh \u0111\u1ecbnh l\u00e0 3,5mm2, k\u1ebft c\u1ea5u 7\/0.80 No\/mm, \u0111\u01b0\u1eddng k\u00ednh ru\u1ed9t d\u1eabn 2.01mm, chi\u1ec1u d\u00e0y c\u00e1ch \u0111i\u1ec7n 0,8mm, \u0111\u01b0\u1eddng k\u00ednh t\u1ed5ng 3,6mm, kh\u1ed1i l\u01b0\u1ee3ng d\u00e2y 33kg\/km, \u0111i\u1ec7n tr\u1edf DC \u1edf 20 \u0111\u1ed9 C 7,41\u2126\/km.<\/span><\/p>\n<p><span style=\"color: #000000;\">D\u00e2y c\u00e1p \u0111i\u1ec7n \u0111\u01b0\u1ee3c truy\u1ec1n t\u1ea3i \u0111i\u1ec7n n\u0103ng v\u1edbi d\u00f2ng \u0111i\u1ec7n \u00e1p ch\u1ecbu \u0111\u1ef1ng l\u00e0 450\/750V.<\/span><\/p>\n<p><span style=\"color: #000000;\">Nhi\u1ec7t \u0111\u1ed9 truy\u1ec1n t\u1ea3i \u0111i\u1ec7n ch\u1ecbu \u0111\u1ef1ng l\u00e0 70 \u0111\u1ed9 C, nhi\u1ec7t \u0111\u1ed9 truy\u1ec1n t\u1ea3i c\u1ee7a d\u00e2y c\u00e1p khi ng\u1eafn m\u1ea1ch trong 5 gi\u00e2y t\u1ed1i \u0111a l\u00e0 140 \u0111\u1ed9 C.<\/span><\/p>\n<p><span style=\"color: #000000;\"><strong><b>Mua d\u00e2y \u0111i\u1ec7n cadivi <\/b><\/strong><strong><b>3<\/b><\/strong><strong><b>.<\/b><\/strong><strong><b>5<\/b><\/strong><strong><b>\u00a0\u1edf \u0111\u00e2u ?<\/b><\/strong><\/span><\/p>\n<p><span style=\"color: #000000;\">Kh\u00f4ng kh\u00f3 \u0111\u1ec3 b\u1ea1n c\u00f3 th\u1ec3 l\u1ef1a ch\u1ecdn \u0111\u01b0\u1ee3c \u0111\u01a1n v\u1ecb ph\u00e2n ph\u1ed1i d\u00e2y \u0111i\u1ec7n cadivi 3.5\u00a0, tuy nhi\u00ean h\u00e3y l\u1ef1a ch\u1ecdn m\u1ed9t n\u01a1i th\u1ef1c s\u1ef1 c\u00f3 uy t\u00edn \u0111\u1ec3 tr\u00e1nh mua nh\u1eb1m h\u00e0ng gi\u1ea3, h\u00e0ng k\u00e9m ch\u1ea5t l\u01b0\u1ee3ng.<\/span><\/p>\n<p><span style=\"color: #000000;\">V\u1edbi m\u1ed9t s\u1ea3n ph\u1ea9m h\u00e0ng gi\u1ea3, k\u00e9m ch\u1ea5t l\u01b0\u1ee3ng s\u1ebd c\u00f3 nguy c\u01a1 b\u1ecb ch\u00e1y n\u1ed5, ch\u1eadt \u0111i\u1ec7n r\u1ea5t l\u1edbn, kh\u00f4ng \u0111\u1ea3m b\u1ea3o \u0111\u01b0\u1ee3c kh\u1ea3 n\u0103ng truy\u1ec1n t\u1ea3i \u0111i\u1ec7n n\u0103ng \u0111\u1ebfn c\u00e1c thi\u1ebft b\u1ecb ti\u00eau th\u1ee5 \u0111i\u1ec7n to\u00e0n h\u1ec7 th\u1ed1ng c\u00e1c t\u00f2a nh\u00e0.<\/span><\/p>\n<p><span style=\"color: #000000;\"><strong><b>Nh\u00e0 Ph\u00e2n Ph\u1ed1i d\u00e2y \u0111i\u1ec7n cadivi <\/b><\/strong><strong><b>3.5<\/b><\/strong><strong><b>\u00a0gi\u00e1 t\u1ed1t nh\u1ea5t t\u1ea1i tphcm ?<\/b><\/strong><\/span><\/p>\n<p><span style=\"color: #000000;\">Lama hi\u1ec7n t\u1ea1i l\u00e0 nh\u00e0 ph\u00e2n ph\u1ed1i ch\u00ednh th\u1ee9c c\u1ee7a d\u00e2y \u0111i\u1ec7n cadivi 3.5, m\u1ee9c chi\u1ebft kh\u1ea5u cao l\u00ean \u0111\u1ebfn 65% \u2013 V\u1edbi kinh nghi\u1ec7m h\u01a1n 10 n\u0103m trong ngh\u1ec1 hi\u1ec7n t\u1ea1i \u0111ang nh\u1eadp tr\u1ef1c ti\u1ebfp s\u1ea3n ph\u1ea9m cadivi t\u1eeb nh\u00e0 m\u00e1y v\u00e0 x\u00ed nghi\u1ec7p s\u1ea3n xu\u1ea5t nh\u01b0 x\u00ed nghi\u1ec7p T\u00e2n \u00c1, X\u00ed nghi\u1ec7p Mi\u1ec1n \u0110\u00f4ng, cadivi \u0110\u1ed3ng Nai\u2026<\/span><\/p>\n<p><span style=\"color: #000000;\">Lama hi\u1ec7n t\u1ea1i c\u00f3 c\u1eeda h\u00e0ng t\u1ea1i 78 \u0110\u1ed7 Xu\u00e2n H\u1ee3p, Ph\u01b0\u1eddng Ph\u01b0\u1edbc Long B, Tp Th\u1ee7 \u0110\u1ee9c, Tphcm. Cho n\u00ean vi\u1ec7c di chuy\u1ec3n trong th\u00e0nh ph\u1ed1 c\u1ef1c k\u1ef3 ti\u1ec7n l\u1ee3i, V\u00ec th\u1ebf ch\u1ec9 c\u1ea7n kh\u00e1ch h\u00e0ng y\u00eau c\u1ea7u \u0111\u01a1n l\u1eadp t\u1ee9c LAMA s\u1ebd v\u1eadn chuy\u1ec3n \u0111\u1ebfn c\u00f4ng tr\u00ecnh.<\/span><\/p>\n<p>&nbsp;<\/p>\n<p class=\"Y3BBE\" data-hveid=\"CAEICBAA\" data-complete=\"true\" data-processed=\"true\"><span style=\"font-size: 12pt; color: #000000;\"><strong>LI\u00caN H\u1ec6 : Hotline: 0935 228 204 ( Ms Lam )<\/strong><\/span><\/p>\n<p><span style=\"font-size: 12pt; color: #000000;\"><strong>Facebook:\u00a0<span style=\"color: #ff6600;\"><a style=\"color: #ff6600;\" href=\"https:\/\/www.facebook.com\/thietbidienlama\" target=\"_blank\" rel=\"noopener\">THI\u1ebeT\u00a0B\u1eca \u0110I\u1ec6N LAMA<\/a><\/span><\/strong><\/span><\/p>\n<p><span style=\"font-size: 12pt; color: #000000;\"><strong>Tiktok:\u00a0<span style=\"color: #ff6600;\"><a style=\"color: #ff6600;\" href=\"https:\/\/www.tiktok.com\/@thietbidienlama\" target=\"_blank\" rel=\"noopener\">THI\u1ebeT\u00a0B\u1eca \u0110I\u1ec6N LAMA<\/a><\/span><\/strong><\/span><\/p>","protected":false},"excerpt":{"rendered":"<p>D\u00e2y\u00a0\u0111i\u1ec7n Cadivi 3.5 &nbsp; D\u00e2y \u0110i\u1ec7n Cadivi 3.5 mm2 ru\u00f4\u0323t \u0111\u00f4\u0300ng v\u01a1\u0301i vo\u0309 bo\u0323c PVC ca\u0301ch \u0111i\u00ea\u0323n ch\u00e2\u0301t l\u01b0\u01a1\u0323ng cao,<\/p>","protected":false},"featured_media":13162,"comment_status":"closed","ping_status":"closed","template":"","meta":[],"product_brand":[],"product_cat":[565,564],"product_tag":[534,535,537,536,533],"class_list":{"0":"post-10569","1":"product","2":"type-product","3":"status-publish","4":"has-post-thumbnail","6":"product_cat-day-dien-cadivi","7":"product_cat-day-va-cap-dien","8":"product_tag-bang-gia-day-dien-cadivi-3-5","9":"product_tag-cadivi-3-5","10":"product_tag-day-cadivi-3-5","11":"product_tag-day-cadivi-3-5-gia-bao-nhieu","12":"product_tag-day-dien-cadivi-3-5","14":"first","15":"instock","16":"sale","17":"shipping-taxable","18":"purchasable","19":"product-type-simple"},"_links":{"self":[{"href":"https:\/\/www.thietbidienlama.com\/en\/wp-json\/wp\/v2\/product\/10569","targetHints":{"allow":["GET"]}}],"collection":[{"href":"https:\/\/www.thietbidienlama.com\/en\/wp-json\/wp\/v2\/product"}],"about":[{"href":"https:\/\/www.thietbidienlama.com\/en\/wp-json\/wp\/v2\/types\/product"}],"replies":[{"embeddable":true,"href":"https:\/\/www.thietbidienlama.com\/en\/wp-json\/wp\/v2\/comments?post=10569"}],"version-history":[{"count":4,"href":"https:\/\/www.thietbidienlama.com\/en\/wp-json\/wp\/v2\/product\/10569\/revisions"}],"predecessor-version":[{"id":13599,"href":"https:\/\/www.thietbidienlama.com\/en\/wp-json\/wp\/v2\/product\/10569\/revisions\/13599"}],"wp:featuredmedia":[{"embeddable":true,"href":"https:\/\/www.thietbidienlama.com\/en\/wp-json\/wp\/v2\/media\/13162"}],"wp:attachment":[{"href":"https:\/\/www.thietbidienlama.com\/en\/wp-json\/wp\/v2\/media?parent=10569"}],"wp:term":[{"taxonomy":"product_brand","embeddable":true,"href":"https:\/\/www.thietbidienlama.com\/en\/wp-json\/wp\/v2\/product_brand?post=10569"},{"taxonomy":"product_cat","embeddable":true,"href":"https:\/\/www.thietbidienlama.com\/en\/wp-json\/wp\/v2\/product_cat?post=10569"},{"taxonomy":"product_tag","embeddable":true,"href":"https:\/\/www.thietbidienlama.com\/en\/wp-json\/wp\/v2\/product_tag?post=10569"}],"curies":[{"name":"wp","href":"https:\/\/api.w.org\/{rel}","templated":true}]}}