{"id":10566,"date":"2024-06-11T08:34:19","date_gmt":"2024-06-11T01:34:19","guid":{"rendered":"https:\/\/thietbidienlama.com\/?post_type=product&#038;p=10566"},"modified":"2026-01-12T14:10:26","modified_gmt":"2026-01-12T07:10:26","slug":"day-dien-cadivi-2-0","status":"publish","type":"product","link":"https:\/\/www.thietbidienlama.com\/en\/day-dien-cadivi-2-0\/","title":{"rendered":"D\u00e2y \u0110i\u1ec7n cadivi 2.0"},"content":{"rendered":"<h2><span style=\"color: #000000;\">D\u00e2y \u0111i\u1ec7n cadivi\u00a0 2.0<\/span><\/h2>\n<p><span style=\"color: #000000;\"><img fetchpriority=\"high\" decoding=\"async\" class=\"aligncenter wp-image-13162 size-medium\" src=\"http:\/\/thietbidienlama.com\/wp-content\/uploads\/2024\/06\/Day-dien-Cadivi-2.5-300x300.jpg\" alt=\"D\u00e2y \u0110i\u1ec7n cadivi 2.0\" width=\"300\" height=\"300\" srcset=\"https:\/\/www.thietbidienlama.com\/wp-content\/uploads\/2024\/06\/Day-dien-Cadivi-2.5-300x300.jpg 300w, https:\/\/www.thietbidienlama.com\/wp-content\/uploads\/2024\/06\/Day-dien-Cadivi-2.5-150x150.jpg 150w, https:\/\/www.thietbidienlama.com\/wp-content\/uploads\/2024\/06\/Day-dien-Cadivi-2.5-12x12.jpg 12w, https:\/\/www.thietbidienlama.com\/wp-content\/uploads\/2024\/06\/Day-dien-Cadivi-2.5.jpg 500w\" sizes=\"(max-width: 300px) 100vw, 300px\" \/><\/span><\/p>\n<p><span style=\"color: #000000;\"><span style=\"color: #ff6600;\"><a style=\"color: #ff6600;\" href=\"https:\/\/thietbidienlama.com\/day-dien-cadivi-2-0\/\"><strong>D\u00e2y \u0111i\u1ec7n Cadivi 2.0<\/strong><\/a><\/span> g\u1ed3m ru\u1ed9t \u0111\u1ed3ng tinh ch\u1ea5t, v\u1edbi 1 l\u1edbp v\u1ecf b\u1ecdc c\u00e1ch \u0111i\u1ec7n PVC. D\u00e2y c\u00e1p \u0111i\u1ec7n CADIVI ch\u1ea5t l\u01b0\u1ee3ng b\u1ec1n v\u1eefng, ch\u00ednh x\u00e1c y\u00eau c\u1ea7u k\u1ef9 thu\u1eadt.D\u00e2y \u0111i\u1ec7n Cadivi 2.0\u00a0,mm2 g\u1ed3m ru\u1ed9t \u0111\u1ed3ng tinh ch\u1ea5t, v\u01a1\u0301i 1 l\u1edbp v\u1ecf b\u1ecdc c\u00e1ch \u0111i\u1ec7n PVC ch\u00e2\u0301t l\u01b0\u01a1\u0323ng cao, \u0111i\u1ec7n \u00e1p ch\u1ecbu t\u1ea3i ( t\u1ed1i \u0111a ): 600V AC. Ca\u0301c sa\u0309n ph\u00e2\u0309m d\u00e2y ca\u0301p \u0111i\u00ea\u0323n CADIVI ch\u1ea5t l\u01b0\u1ee3ng b\u1ec1n v\u1eefng, ki\u1ec3u d\u00e1ng th\u1ea9m m\u1ef9, ch\u00ednh x\u00e1c y\u00eau c\u1ea7u v\u1ec1 k\u1ef9 thu\u1eadt, gi\u00e1 th\u00e0nh ca\u0323nh tranh.<\/span><\/p>\n<p><span style=\"color: #000000;\">M\u00e3 SP: CV-2.0<\/span><\/p>\n<p><span style=\"color: #000000;\">Nh\u00e0 s\u1ea3n xu\u1ea5t: CADIVI<\/span><\/p>\n<p><span style=\"color: #000000;\">Quy ca\u0301ch: Cu\u00f4\u0323n 100m<\/span><\/p>\n<p><span style=\"color: #000000;\">D\u00e2y CV d\u00f9ng cho h\u1ec7 th\u1ed1ng truy\u1ec1n t\u1ea3i v\u00e0 ph\u00e2n ph\u1ed1i \u0111i\u1ec7n, c\u1ea5p \u0111i\u1ec7n \u00e1p 600V, l\u1eafp \u0111\u1eb7t c\u1ed1 \u0111\u1ecbnh.<\/span><\/p>\n<p><span style=\"color: #000000;\">S\u1ea3n xu\u1ea5t theo TCVN 6610-3 \/ IEC 60227<\/span><\/p>\n<p><span style=\"color: #000000;\">Nhi\u1ec7t \u0111\u1ed9 l\u00e0m vi\u1ec7c d\u00e0i h\u1ea1n cho ph\u00e9p c\u1ee7a ru\u1ed9t d\u1eabn l\u00e0 70oC.<\/span><\/p>\n<p><span style=\"color: #000000;\">Nhi\u1ec7t \u0111\u1ed9 c\u1ef1c \u0111\u1ea1i cho ph\u00e9p c\u1ee7a ru\u1ed9t d\u1eabn khi ng\u1eafn m\u1ea1ch trong th\u1eddi gian kh\u00f4ng qu\u00e1 5 gi\u00e2y l\u00e0:<\/span><\/p>\n<p><span style=\"color: #000000;\">140oC, v\u1edbi ti\u1ebft di\u1ec7n l\u1edbn h\u01a1n 300mm2.<\/span><\/p>\n<p><span style=\"color: #000000;\">160oC, v\u1edbi ti\u1ebft di\u1ec7n nh\u1ecf h\u01a1n ho\u1eb7c b\u1eb1ng 300mm2<\/span><\/p>\n<p><span style=\"color: #000000;\">Tr\u1ecdng l\u01b0\u1ee3ng g\u1ea7n \u0111\u00fang : 3 kg\/1 cu\u1ed9n,\u00a0 cu\u1ed9n\/100m<\/span><\/p>\n<p><span style=\"color: #000000;\">D\u00e2y \u0111i\u1ec7n cadivi\u00a0 2.0\u00a0 thu\u1ed9c d\u00f2ng s\u1ea3n ph\u1ea9m c\u00e1p \u0111i\u1ec7n l\u1ef1c h\u1ea1 th\u1ebf CV, c\u00f3 c\u1ea5u t\u1ea1o g\u1ed3m m\u1ed9t l\u1edbp v\u1ecf nh\u1ef1a b\u00ean ngo\u00e0i l\u00e0m b\u1eb1ng PVC cao c\u1ea5p \u0111\u1ec3 b\u1ea3o v\u1ec7 d\u00f2ng \u0111i\u1ec7n kh\u00f4ng lan truy\u1ec1n ra ngo\u00e0i, c\u00e1ch \u0111i\u1ec7n t\u1ed1t, t\u1ea1o \u0111\u01b0\u1ee3c \u0111\u1ed9 an to\u00e0n khi d\u1eabn \u0111i\u1ec7n. B\u00ean trong l\u00e0 7 s\u1ee3i \u0111\u1ed3ng \u0111\u01b0\u1eddng k\u00ednh 3.4mm xo\u1eafn l\u1ea1i v\u1edbi nhau t\u1ea1o \u0111\u01b0\u1ee3c \u0111\u1ed9 m\u1ec1m d\u1ebbo t\u1ed1t, kh\u00f4ng b\u1ecb g\u00e3y khi g\u1ea5p kh\u00fac nhi\u1ec1u l\u1ea7n, c\u00f3 kh\u1ea3 n\u0103ng d\u1eabn \u0111i\u1ec7n t\u1ed1t, ho\u1ea1t \u0111\u1ed9ng kh\u00f4ng b\u1ecb t\u1eafc ngh\u1ebdn, tr\u00ec ho\u00e3n g\u00e2y nhi\u1ec1u hi\u1ec7n t\u01b0\u1ee3ng x\u1ea5u.<\/span><\/p>\n<p><span style=\"color: #000000;\"><strong>Mua d\u00e2y \u0111i\u1ec7n cadivi 2.0\u00a0\u1edf \u0111\u00e2u ?<\/strong><\/span><\/p>\n<p><span style=\"color: #000000;\">Kh\u00f4ng kh\u00f3 \u0111\u1ec3 b\u1ea1n c\u00f3 th\u1ec3 l\u1ef1a ch\u1ecdn \u0111\u01b0\u1ee3c \u0111\u01a1n v\u1ecb ph\u00e2n ph\u1ed1i d\u00e2y \u0111i\u1ec7n cadivi 2.0\u00a0, tuy nhi\u00ean h\u00e3y l\u1ef1a ch\u1ecdn m\u1ed9t n\u01a1i th\u1ef1c s\u1ef1 c\u00f3 uy t\u00edn \u0111\u1ec3 tr\u00e1nh mua nh\u1eb1m h\u00e0ng gi\u1ea3, h\u00e0ng k\u00e9m ch\u1ea5t l\u01b0\u1ee3ng.<\/span><\/p>\n<p><span style=\"color: #000000;\">V\u1edbi m\u1ed9t s\u1ea3n ph\u1ea9m h\u00e0ng gi\u1ea3, k\u00e9m ch\u1ea5t l\u01b0\u1ee3ng s\u1ebd c\u00f3 nguy c\u01a1 b\u1ecb ch\u00e1y n\u1ed5, ch\u1eadt \u0111i\u1ec7n r\u1ea5t l\u1edbn, kh\u00f4ng \u0111\u1ea3m b\u1ea3o \u0111\u01b0\u1ee3c kh\u1ea3 n\u0103ng truy\u1ec1n t\u1ea3i \u0111i\u1ec7n n\u0103ng \u0111\u1ebfn c\u00e1c thi\u1ebft b\u1ecb ti\u00eau th\u1ee5 \u0111i\u1ec7n to\u00e0n h\u1ec7 th\u1ed1ng c\u00e1c t\u00f2a nh\u00e0.<\/span><\/p>\n<p><span style=\"color: #000000;\"><strong>Nh\u00e0 Ph\u00e2n Ph\u1ed1i d\u00e2y \u0111i\u1ec7n cadivi 2.0\u00a0gi\u00e1 t\u1ed1t nh\u1ea5t t\u1ea1i tphcm ?<\/strong><\/span><\/p>\n<p><span style=\"color: #000000;\">Lama hi\u1ec7n t\u1ea1i l\u00e0 nh\u00e0 ph\u00e2n ph\u1ed1i ch\u00ednh th\u1ee9c c\u1ee7a d\u00e2y \u0111i\u1ec7n cadivi 2.0, m\u1ee9c chi\u1ebft kh\u1ea5u cao l\u00ean \u0111\u1ebfn 65% \u2013 V\u1edbi kinh nghi\u1ec7m h\u01a1n 10 n\u0103m trong ngh\u1ec1 hi\u1ec7n t\u1ea1i \u0111ang nh\u1eadp tr\u1ef1c ti\u1ebfp s\u1ea3n ph\u1ea9m cadivi t\u1eeb nh\u00e0 m\u00e1y v\u00e0 x\u00ed nghi\u1ec7p s\u1ea3n xu\u1ea5t nh\u01b0 x\u00ed nghi\u1ec7p T\u00e2n \u00c1, X\u00ed nghi\u1ec7p Mi\u1ec1n \u0110\u00f4ng, cadivi \u0110\u1ed3ng Nai\u2026<\/span><\/p>\n<p><span style=\"color: #000000;\">Lama hi\u1ec7n t\u1ea1i c\u00f3 c\u1eeda h\u00e0ng t\u1ea1i 78 \u0110\u1ed7 Xu\u00e2n H\u1ee3p, Ph\u01b0\u1eddng Ph\u01b0\u1edbc Long B, Tp Th\u1ee7 \u0110\u1ee9c, Tphcm. Cho n\u00ean vi\u1ec7c di chuy\u1ec3n trong th\u00e0nh ph\u1ed1 c\u1ef1c k\u1ef3 ti\u1ec7n l\u1ee3i, Ch\u1ec9 c\u1ea7n kh\u00e1ch h\u00e0ng y\u00eau c\u1ea7u \u0111\u01a1n l\u1eadp t\u1ee9c LAMA s\u1ebd v\u1eadn chuy\u1ec3n \u0111\u1ebfn c\u00f4ng tr\u00ecnh.<\/span><\/p>\n<p>&nbsp;<\/p>\n<p class=\"Y3BBE\" data-hveid=\"CAEICBAA\" data-complete=\"true\" data-processed=\"true\"><span style=\"font-size: 12pt; color: #000000;\"><strong>LI\u00caN H\u1ec6 : Hotline: 0935 228 204 ( Ms Lam )<\/strong><\/span><\/p>\n<p><span style=\"font-size: 12pt; color: #000000;\"><strong>Facebook:\u00a0<span style=\"color: #ff6600;\"><a style=\"color: #ff6600;\" href=\"https:\/\/www.facebook.com\/thietbidienlama\" target=\"_blank\" rel=\"noopener\">THI\u1ebeT\u00a0B\u1eca \u0110I\u1ec6N LAMA<\/a><\/span><\/strong><\/span><\/p>\n<p><span style=\"font-size: 12pt; color: #000000;\"><strong>Tiktok:\u00a0<span style=\"color: #ff6600;\"><a style=\"color: #ff6600;\" href=\"https:\/\/www.tiktok.com\/@thietbidienlama\" target=\"_blank\" rel=\"noopener\">THI\u1ebeT\u00a0B\u1eca \u0110I\u1ec6N LAMA<\/a><\/span><\/strong><\/span><\/p>","protected":false},"excerpt":{"rendered":"<p>D\u00e2y \u0111i\u1ec7n cadivi\u00a0 2.0 D\u00e2y \u0111i\u1ec7n Cadivi 2.0 g\u1ed3m ru\u1ed9t \u0111\u1ed3ng tinh ch\u1ea5t, v\u1edbi 1 l\u1edbp v\u1ecf b\u1ecdc c\u00e1ch \u0111i\u1ec7n<\/p>","protected":false},"featured_media":13162,"comment_status":"closed","ping_status":"closed","template":"","meta":[],"product_brand":[],"product_cat":[565,564],"product_tag":[529,532,531,530],"class_list":{"0":"post-10566","1":"product","2":"type-product","3":"status-publish","4":"has-post-thumbnail","6":"product_cat-day-dien-cadivi","7":"product_cat-day-va-cap-dien","8":"product_tag-day-dien-cadivi-2-0","9":"product_tag-day-dien-don-cadivi-2-5","10":"product_tag-gia-day-dien-cadivi-2-0","11":"product_tag-gia-thiet-bi-dien-cadivi-2-0","13":"first","14":"instock","15":"sale","16":"shipping-taxable","17":"purchasable","18":"product-type-simple"},"_links":{"self":[{"href":"https:\/\/www.thietbidienlama.com\/en\/wp-json\/wp\/v2\/product\/10566","targetHints":{"allow":["GET"]}}],"collection":[{"href":"https:\/\/www.thietbidienlama.com\/en\/wp-json\/wp\/v2\/product"}],"about":[{"href":"https:\/\/www.thietbidienlama.com\/en\/wp-json\/wp\/v2\/types\/product"}],"replies":[{"embeddable":true,"href":"https:\/\/www.thietbidienlama.com\/en\/wp-json\/wp\/v2\/comments?post=10566"}],"version-history":[{"count":3,"href":"https:\/\/www.thietbidienlama.com\/en\/wp-json\/wp\/v2\/product\/10566\/revisions"}],"predecessor-version":[{"id":13597,"href":"https:\/\/www.thietbidienlama.com\/en\/wp-json\/wp\/v2\/product\/10566\/revisions\/13597"}],"wp:featuredmedia":[{"embeddable":true,"href":"https:\/\/www.thietbidienlama.com\/en\/wp-json\/wp\/v2\/media\/13162"}],"wp:attachment":[{"href":"https:\/\/www.thietbidienlama.com\/en\/wp-json\/wp\/v2\/media?parent=10566"}],"wp:term":[{"taxonomy":"product_brand","embeddable":true,"href":"https:\/\/www.thietbidienlama.com\/en\/wp-json\/wp\/v2\/product_brand?post=10566"},{"taxonomy":"product_cat","embeddable":true,"href":"https:\/\/www.thietbidienlama.com\/en\/wp-json\/wp\/v2\/product_cat?post=10566"},{"taxonomy":"product_tag","embeddable":true,"href":"https:\/\/www.thietbidienlama.com\/en\/wp-json\/wp\/v2\/product_tag?post=10566"}],"curies":[{"name":"wp","href":"https:\/\/api.w.org\/{rel}","templated":true}]}}