{"id":10540,"date":"2024-06-10T14:36:52","date_gmt":"2024-06-10T07:36:52","guid":{"rendered":"https:\/\/thietbidienlama.com\/?post_type=product&#038;p=10540"},"modified":"2026-01-12T14:10:10","modified_gmt":"2026-01-12T07:10:10","slug":"day-dien-cadivi-25","status":"publish","type":"product","link":"https:\/\/www.thietbidienlama.com\/en\/day-dien-cadivi-25\/","title":{"rendered":"D\u00e2y \u0110i\u1ec7n Cadivi 2.5"},"content":{"rendered":"<h2><span style=\"color: #ff6600;\"><a style=\"color: #ff6600;\" href=\"https:\/\/thietbidienlama.com\/day-dien-cadivi-25\/\"><span style=\"font-size: 14pt;\"><strong><b>D\u00e2y \u0110i\u1ec7n Cadivi 2.5<\/b><\/strong><\/span><\/a><\/span><\/h2>\n<p><span style=\"color: #000000;\">D\u00e2y \u0111i\u1ec7n Cadivi 2.5\u00a0g\u1ed3m ru\u1ed9t \u0111\u1ed3ng tinh ch\u1ea5t, v\u1edbi 1 l\u1edbp v\u1ecf b\u1ecdc c\u00e1ch \u0111i\u1ec7n PVC. D\u00e2y c\u00e1p \u0111i\u1ec7n\u00a0<em>CADIVI<\/em> ch\u1ea5t l\u01b0\u1ee3ng b\u1ec1n v\u1eefng, ch\u00ednh x\u00e1c y\u00eau c\u1ea7u k\u1ef9 thu\u1eadt.D\u00e2y \u0111i\u1ec7n Cadivi 2.5\u00a0 g\u1ed3m ru\u1ed9t \u0111\u1ed3ng tinh ch\u1ea5t, v\u01a1\u0301i 1 l\u1edbp v\u1ecf b\u1ecdc c\u00e1ch \u0111i\u1ec7n PVC ch\u00e2\u0301t l\u01b0\u01a1\u0323ng cao, \u0111i\u1ec7n \u00e1p ch\u1ecbu t\u1ea3i ( t\u1ed1i \u0111a ): 600V AC ( 1000V AC ). Ca\u0301c sa\u0309n ph\u00e2\u0309m d\u00e2y ca\u0301p \u0111i\u00ea\u0323n CADIVI ch\u1ea5t l\u01b0\u1ee3ng b\u1ec1n v\u1eefng, ki\u1ec3u d\u00e1ng th\u1ea9m m\u1ef9, ch\u00ednh x\u00e1c y\u00eau c\u1ea7u v\u1ec1 k\u1ef9 thu\u1eadt, gi\u00e1 th\u00e0nh ca\u0323nh tranh.<\/span><\/p>\n<p><span style=\"color: #000000;\">B\u00ean trong l\u00e0 <strong>7<\/strong>\u00a0<strong>s\u1ee3i \u0111\u1ed3ng \u0111\u01b0\u1eddng k\u00ednh 0.67\u00a0mm xo\u1eafn l\u1ea1i v\u1edbi nhau<\/strong>\u00a0t\u1ea1o \u0111\u01b0\u1ee3c \u0111\u1ed9 m\u1ec1m d\u1ebbo t\u1ed1t, kh\u00f4ng b\u1ecb g\u00e3y khi g\u1ea5p kh\u00fac nhi\u1ec1u l\u1ea7n, c\u00f3 kh\u1ea3 n\u0103ng d\u1eabn \u0111i\u1ec7n t\u1ed1t, ho\u1ea1t \u0111\u1ed9ng kh\u00f4ng b\u1ecb t\u1eafc ngh\u1ebdn, tr\u00ec ho\u00e3n g\u00e2y nhi\u1ec1u hi\u1ec7n t\u01b0\u1ee3ng x\u1ea5u.<\/span><\/p>\n<p><span style=\"color: #000000;\"><strong>CADIVI<\/strong>\u00a0l\u00e0 c\u00f4ng ty h\u00e0ng \u0111\u1ea7u Vi\u1ec7t Nam trong ng\u00e0nh s\u1ea3n xu\u1ea5t d\u00e2y c\u00e1p \u0111i\u1ec7n, v\u1edbi ph\u01b0\u01a1ng ch\u00e2m \u201cD\u1eabn \u0111i\u1ec7n t\u1ed1t \u2013 C\u00e1ch \u0111i\u1ec7n an to\u00e0n \u2013 Ti\u1ebft ki\u1ec7m \u0111i\u1ec7n\u201d, c\u00e1c s\u1ea3n ph\u1ea9m c\u1ee7a CADIVI \u0111\u01b0\u1ee3c s\u1ea3n xu\u1ea5t, th\u1eed nghi\u1ec7m theo ti\u00eau chu\u1ea9n qu\u1ed1c gia Vi\u1ec7t Nam TCVN c\u0169ng nh\u01b0 c\u00e1c ti\u00eau chu\u1ea9n qu\u1ed1c t\u1ebf th\u00f4ng d\u1ee5ng nh\u01b0 IEC, ASTM, JIS, AS, BS, DIN, UL\u2026 CADIVI l\u00e0 nh\u00e0 s\u1ea3n xu\u1ea5t d\u00e2y c\u00e1p \u0111i\u1ec7n \u0111\u1ea7u ti\u00ean t\u1ea1i Vi\u1ec7t Nam \u0111\u01b0\u1ee3c c\u1ea5p ch\u1ee9ng ch\u1ec9 ISO 9002:1994 v\u00e0o n\u0103m 1998, chuy\u1ec3n \u0111\u1ed5i sang ISO 9001:2000 n\u0103m 2002 v\u00e0 ISO 9001:2015 hi\u1ec7n nay.<\/span><\/p>\n<p><span style=\"color: #000000;\">D\u00c2Y \u0110I\u1ec6N \u0110\u01a0N 2.5 CADIVI 2,5 mm2 c\u00f3 c\u1ea5u t\u1ea1o g\u1ed3m m\u1ed9t l\u1edbp v\u1ecf nh\u1ef1a b\u00ean ngo\u00e0i l\u00e0m b\u1eb1ng PVC cao c\u1ea5p \u0111\u1ec3 b\u1ea3o v\u1ec7 d\u00f2ng \u0111i\u1ec7n kh\u00f4ng lan truy\u1ec1n ra ngo\u00e0i, c\u00e1ch \u0111i\u1ec7n t\u1ed1t, t\u1ea1o \u0111\u01b0\u1ee3c \u0111\u1ed9 an to\u00e0n khi d\u1eabn \u0111i\u1ec7n.<\/span><\/p>\n<p><span style=\"color: #000000;\">S\u1ee9c ch\u1ecbu t\u1ea3i c\u1ee7a d\u00e2y \u0111i\u1ec7n cadivi 2.5 c\u00f3 kh\u1ea3 n\u0103ng ch\u1ecbu \u0111\u01b0\u1ee3c m\u00f4i tr\u01b0\u1eddng kh\u1eafc nghi\u1ec7t l\u00ean \u0111\u1ebfn 70 \u0111\u1ed9 C khi d\u1eabn \u0111i\u1ec7n.<\/span><\/p>\n<p><img fetchpriority=\"high\" decoding=\"async\" class=\"aligncenter wp-image-13162 size-medium\" src=\"http:\/\/thietbidienlama.com\/wp-content\/uploads\/2024\/06\/Day-dien-Cadivi-2.5-300x300.jpg\" alt=\"d\u00e2y \u0111i\u1ec7n Cadivi 2.5\" width=\"300\" height=\"300\" srcset=\"https:\/\/www.thietbidienlama.com\/wp-content\/uploads\/2024\/06\/Day-dien-Cadivi-2.5-300x300.jpg 300w, https:\/\/www.thietbidienlama.com\/wp-content\/uploads\/2024\/06\/Day-dien-Cadivi-2.5-150x150.jpg 150w, https:\/\/www.thietbidienlama.com\/wp-content\/uploads\/2024\/06\/Day-dien-Cadivi-2.5-12x12.jpg 12w, https:\/\/www.thietbidienlama.com\/wp-content\/uploads\/2024\/06\/Day-dien-Cadivi-2.5.jpg 500w\" sizes=\"(max-width: 300px) 100vw, 300px\" \/><\/p>\n<p><span style=\"color: #000000; font-size: 14pt;\"><strong><b>H\u01b0\u1edbng d\u1eabn l\u1ef1a ch\u1ecdn <span style=\"color: #ff6600;\"><a style=\"color: #ff6600;\" href=\"https:\/\/thietbidienlama.com\/day-dien-cadivi-25\/\">d\u00e2y \u0111i\u1ec7n Cadivi 2.5<\/a><\/span> ch\u1ea5t l\u01b0\u1ee3ng cao ?<\/b><\/strong><\/span><\/p>\n<p><span style=\"color: #000000;\">Vi\u1ec7c l\u1ef1a ch\u1ecdn d\u00e2y \u0111i\u1ec7n cadivi 2.5 th\u1ef1c s\u1ef1 r\u1ea5t quan tr\u1ecdng b\u1edfi d\u00e2y \u0111i\u1ec7n \u0111\u01b0\u1ee3c s\u1eed d\u1ee5ng \u0111\u1ec3 k\u1ebft n\u1ed1i c\u00e1c thi\u1ebft b\u1ecb \u0111i\u1ec7n sinh ho\u1ea1t n\u00ean bu\u1ed9c ph\u1ea3i ch\u00fa \u00fd t\u1edbi c\u00e1c y\u1ebfu t\u1ed1 d\u01b0\u1edbi \u0111\u00e2y :<\/span><\/p>\n<p><span style=\"color: #000000;\">&#8211; H\u00e3y ki\u1ec3m tra ru\u1ed9t d\u00e2y d\u1eabn c\u00f3 ho\u00e0n to\u00e0n l\u00e0m b\u1eb1ng \u0111\u1ed3ng s\u00e1ng b\u00f3ng, xo\u1eafn ch\u1eb7t, kh\u00f4ng b\u1ecb b\u1ebb g\u00e3y khi g\u1ea5p khuc.<\/span><\/p>\n<p><span style=\"color: #000000;\">&#8211; V\u1ecf d\u00e2y ph\u1ea3i ch\u1eafc ch\u1eafn kh\u00f4ng b\u1ecb n\u1ee9t kh\u00f4ng \u0111\u01b0\u1ee3c bi\u1ebfn m\u00e0u, h\u00e3y \u0111\u1ed1t th\u1eed ph\u1ea7n v\u1ecf ngo\u00e0i xem d\u00e2y c\u00f3 b\u1ecb ch\u00e1y co l\u1ea1i hay kh\u00f4ng, n\u1ebfu ch\u00e1y m\u00e0 lan ra th\u00ec \u0111\u00e2y l\u00e0 h\u00e0ng nh\u00e1i k\u00e9m ch\u1ea5t l\u01b0\u1ee3ng.<\/span><\/p>\n<p><span style=\"color: #000000;\">&#8211; S\u1ed1 d\u00e2y \u0111\u1ed3ng trong l\u00f5i ph\u1ea3i kh\u1edbp v\u1edbi s\u1ed1 l\u01b0\u1ee3ng \u0111\u01b0\u1ee3c in tr\u00ean v\u1ecf d\u00e2y.<\/span><\/p>\n<p><span style=\"color: #000000; font-size: 14pt;\"><strong><b>Mua d\u00e2y \u0111i\u1ec7n cadivi 2.5 \u1edf \u0111\u00e2u ?<\/b><\/strong><\/span><\/p>\n<p><span style=\"color: #000000;\">Kh\u00f4ng kh\u00f3 \u0111\u1ec3 b\u1ea1n c\u00f3 th\u1ec3 l\u1ef1a ch\u1ecdn \u0111\u01b0\u1ee3c \u0111\u01a1n v\u1ecb ph\u00e2n ph\u1ed1i d\u00e2y \u0111i\u1ec7n cadivi 2.5 , tuy nhi\u00ean h\u00e3y l\u1ef1a ch\u1ecdn m\u1ed9t n\u01a1i th\u1ef1c s\u1ef1 c\u00f3 uy t\u00edn \u0111\u1ec3 tr\u00e1nh mua nh\u1eb1m h\u00e0ng gi\u1ea3, h\u00e0ng k\u00e9m ch\u1ea5t l\u01b0\u1ee3ng.<\/span><\/p>\n<p><span style=\"color: #000000;\">V\u1edbi m\u1ed9t s\u1ea3n ph\u1ea9m h\u00e0ng gi\u1ea3, k\u00e9m ch\u1ea5t l\u01b0\u1ee3ng s\u1ebd c\u00f3 nguy c\u01a1 b\u1ecb ch\u00e1y n\u1ed5, ch\u1eadt \u0111i\u1ec7n r\u1ea5t l\u1edbn, kh\u00f4ng \u0111\u1ea3m b\u1ea3o \u0111\u01b0\u1ee3c kh\u1ea3 n\u0103ng truy\u1ec1n t\u1ea3i \u0111i\u1ec7n n\u0103ng \u0111\u1ebfn c\u00e1c thi\u1ebft b\u1ecb ti\u00eau th\u1ee5 \u0111i\u1ec7n to\u00e0n h\u1ec7 th\u1ed1ng c\u00e1c t\u00f2a nh\u00e0.<\/span><\/p>\n<p><span style=\"color: #000000; font-size: 14pt;\"><strong><b>Nh\u00e0 Ph\u00e2n Ph\u1ed1i d\u00e2y \u0111i\u1ec7n cadivi 2.5 gi\u00e1 t\u1ed1t nh\u1ea5t t\u1ea1i tphcm ?<\/b><\/strong><\/span><\/p>\n<p><span style=\"color: #000000;\">Lama hi\u1ec7n t\u1ea1i l\u00e0 nh\u00e0 ph\u00e2n ph\u1ed1i ch\u00ednh th\u1ee9c c\u1ee7a d\u00e2y \u0111i\u1ec7n cadivi 2.5, m\u1ee9c chi\u1ebft kh\u1ea5u cao l\u00ean \u0111\u1ebfn 65% &#8211; V\u1edbi kinh nghi\u1ec7m h\u01a1n 10 n\u0103m trong ngh\u1ec1 hi\u1ec7n t\u1ea1i \u0111ang nh\u1eadp tr\u1ef1c ti\u1ebfp s\u1ea3n ph\u1ea9m cadivi t\u1eeb nh\u00e0 m\u00e1y v\u00e0 x\u00ed nghi\u1ec7p s\u1ea3n xu\u1ea5t nh\u01b0 x\u00ed nghi\u1ec7p T\u00e2n \u00c1, X\u00ed nghi\u1ec7p Mi\u1ec1n \u0110\u00f4ng, cadivi \u0110\u1ed3ng Nai\u2026<\/span><\/p>\n<p><span style=\"font-size: 12pt; color: #000000;\"><strong>LI\u00caN H\u1ec6 : Hotline: 0935 228 204 ( Ms Lam )<\/strong><\/span><\/p>\n<p><span style=\"font-size: 12pt; color: #000000;\"><strong>Facebook:\u00a0<span style=\"color: #ff6600;\"><a style=\"color: #ff6600;\" href=\"https:\/\/www.facebook.com\/thietbidienlama\" target=\"_blank\" rel=\"noopener\">THI\u1ebeT\u00a0B\u1eca \u0110I\u1ec6N LAMA<\/a><\/span><\/strong><\/span><\/p>\n<p><span style=\"font-size: 12pt; color: #000000;\"><strong>Tiktok:\u00a0<span style=\"color: #ff6600;\"><a style=\"color: #ff6600;\" href=\"https:\/\/www.tiktok.com\/@thietbidienlama\" target=\"_blank\" rel=\"noopener\">THI\u1ebeT\u00a0B\u1eca \u0110I\u1ec6N LAMA<\/a><\/span><\/strong><\/span><\/p>","protected":false},"excerpt":{"rendered":"<p>D\u00e2y \u0110i\u1ec7n Cadivi 2.5 D\u00e2y \u0111i\u1ec7n Cadivi 2.5\u00a0g\u1ed3m ru\u1ed9t \u0111\u1ed3ng tinh ch\u1ea5t, v\u1edbi 1 l\u1edbp v\u1ecf b\u1ecdc c\u00e1ch \u0111i\u1ec7n PVC.<\/p>","protected":false},"featured_media":13162,"comment_status":"closed","ping_status":"closed","template":"","meta":[],"product_brand":[],"product_cat":[564,565],"product_tag":[524,522,523,520,521],"class_list":{"0":"post-10540","1":"product","2":"type-product","3":"status-publish","4":"has-post-thumbnail","6":"product_cat-day-va-cap-dien","7":"product_cat-day-dien-cadivi","8":"product_tag-bao-gia-day-dien-cadivi-2-5","9":"product_tag-cadivi-2-5","10":"product_tag-day-dien-2-5-cadivi","11":"product_tag-day-dien-cadivi-2-5","12":"product_tag-gia-day-dien-cadivi-2-5","14":"first","15":"instock","16":"sale","17":"shipping-taxable","18":"purchasable","19":"product-type-simple"},"_links":{"self":[{"href":"https:\/\/www.thietbidienlama.com\/en\/wp-json\/wp\/v2\/product\/10540","targetHints":{"allow":["GET"]}}],"collection":[{"href":"https:\/\/www.thietbidienlama.com\/en\/wp-json\/wp\/v2\/product"}],"about":[{"href":"https:\/\/www.thietbidienlama.com\/en\/wp-json\/wp\/v2\/types\/product"}],"replies":[{"embeddable":true,"href":"https:\/\/www.thietbidienlama.com\/en\/wp-json\/wp\/v2\/comments?post=10540"}],"version-history":[{"count":4,"href":"https:\/\/www.thietbidienlama.com\/en\/wp-json\/wp\/v2\/product\/10540\/revisions"}],"predecessor-version":[{"id":13163,"href":"https:\/\/www.thietbidienlama.com\/en\/wp-json\/wp\/v2\/product\/10540\/revisions\/13163"}],"wp:featuredmedia":[{"embeddable":true,"href":"https:\/\/www.thietbidienlama.com\/en\/wp-json\/wp\/v2\/media\/13162"}],"wp:attachment":[{"href":"https:\/\/www.thietbidienlama.com\/en\/wp-json\/wp\/v2\/media?parent=10540"}],"wp:term":[{"taxonomy":"product_brand","embeddable":true,"href":"https:\/\/www.thietbidienlama.com\/en\/wp-json\/wp\/v2\/product_brand?post=10540"},{"taxonomy":"product_cat","embeddable":true,"href":"https:\/\/www.thietbidienlama.com\/en\/wp-json\/wp\/v2\/product_cat?post=10540"},{"taxonomy":"product_tag","embeddable":true,"href":"https:\/\/www.thietbidienlama.com\/en\/wp-json\/wp\/v2\/product_tag?post=10540"}],"curies":[{"name":"wp","href":"https:\/\/api.w.org\/{rel}","templated":true}]}}