{"id":10532,"date":"2024-06-10T11:47:39","date_gmt":"2024-06-10T04:47:39","guid":{"rendered":"https:\/\/thietbidienlama.com\/?post_type=product&#038;p=10532"},"modified":"2026-01-12T14:09:20","modified_gmt":"2026-01-12T07:09:20","slug":"day-dien-cadivi-15","status":"publish","type":"product","link":"https:\/\/www.thietbidienlama.com\/en\/day-dien-cadivi-15\/","title":{"rendered":"D\u00e2y \u0110i\u1ec7n Cadivi 1.5"},"content":{"rendered":"<h2><span style=\"color: #000000; font-size: 14pt;\"><strong>D\u00c2Y \u0110I\u1ec6N CADIVI 1.5<\/strong><\/span><\/h2>\n<p><span style=\"color: #000000;\"><span style=\"color: #ff6600;\"><a style=\"color: #ff6600;\" href=\"https:\/\/thietbidienlama.com\/day-dien-cadivi-15\/\"><strong>D\u00e2y \u0111i\u1ec7n Cadivi 1.5<\/strong><\/a><\/span>\u00a0 l\u00e0 d\u00f2ng s\u1ea3n ph\u1ea9m c\u1ee7a c\u00f4ng ty CADIVI s\u1ea3n xu\u1ea5t c\u00f3 chi\u1ec1u d\u00e0i 100m\/cu\u1ed9n. C\u00e1p \u0111i\u1ec7n l\u1ef1c CV d\u00f9ng cho h\u1ec7 th\u1ed1ng truy\u1ec1n t\u1ea3i v\u00e0 ph\u00e2n ph\u1ed1i \u0111i\u1ec7n, c\u1ea5p \u0111i\u1ec7n \u00e1p 0,6\/1kV, l\u1eafp \u0111\u1eb7t c\u1ed1 \u0111\u1ecbnh.<\/span><\/p>\n<p><span style=\"color: #000000;\">D\u00e2y c\u00e1p \u0111i\u1ec7n \u0111\u01a1n d\u00e2n d\u1ee5ng Cadivi CV 1.5mm2\u00a0c\u00f3 k\u1ebft c\u1ea5u v\u1ecf b\u1ecdc nh\u1ef1a b\u00ean ngo\u00e0i l\u00e0m b\u1eb1ng PVC cao c\u1ea5p \u0111\u1ec3 b\u1ea3o v\u1ec7 d\u00f2ng \u0111i\u1ec7n kh\u00f4ng lan truy\u1ec1n ra ngo\u00e0i, c\u00e1ch \u0111i\u1ec7n t\u1ed1t, t\u1ea1o \u0111\u01b0\u1ee3c \u0111\u1ed9 an to\u00e0n khi d\u1eabn \u0111i\u1ec7n. L\u1edbp l\u00f5i l\u00e0m b\u1eb1ng \u0111\u1ed3ng ch\u1ea5t l\u01b0\u1ee3ng cao b\u00ean trong t\u1ea1o \u0111\u01b0\u1ee3c \u0111\u1ed9 m\u1ec1m d\u1ebbo t\u1ed1t, c\u00f3 kh\u1ea3 n\u0103ng d\u1eabn \u0111i\u1ec7n t\u1ed1t.<\/span><\/p>\n<p><span style=\"color: #000000;\">\u0110\u1eb6C T\u00cdNH S\u1ea2N PH\u1ea8M <strong>D\u00c2Y \u0110I\u1ec6N CADIVI 1.5<\/strong><\/span><\/p>\n<ul>\n<li><span style=\"color: #000000;\">D\u00e2y c\u00e1p \u0111i\u1ec7n \u0111\u01a1n d\u00e2n d\u1ee5ng Cadivi CV 1.5 c\u00f3 ti\u1ebft di\u1ec7n 1,5 mm2, k\u1ebft c\u1ea5u 1\/1,38 No\/mm, \u0111\u01b0\u1eddng k\u00ednh\u00a0 ru\u1ed9t d\u1eabn 1,38 mm, chi\u1ec1u d\u00e0y c\u00e1ch \u0111i\u1ec7n 0,7 mm, tr\u1ecdng l\u01b0\u1ee3ng d\u00e2y 20,63 kg\/km, \u0111i\u1ec7n tr\u1edf DC \u1edf 20 \u0111\u1ed9 C 12,1 \u2126\/km, \u0111\u01b0\u1eddng k\u00ednh t\u1ed5ng 2,78 mm.<\/span><\/li>\n<li><span style=\"color: #000000;\">D\u00e2y c\u00f3 c\u1ea5u t\u1ea1o b\u1edfi hai l\u1edbp, ru\u1ed9t d\u1eabn \u0111\u01b0\u1ee3c l\u00e0m b\u1eb1ng \u0111\u1ed3ng m\u1ec1m d\u1ebbo d\u1eabn \u0111i\u1ec7n, v\u1ecf b\u1ecdc b\u00ean ngo\u00e0i l\u00e0m b\u1eb1ng nh\u1ef1a cao c\u1ea5p PVC c\u00e1ch \u0111i\u1ec7n, v\u1edbi d\u00f2ng \u0111i\u1ec7n \u00e1p 450\/750V.<\/span><\/li>\n<li><span style=\"color: #000000;\">S\u1ea3n ph\u1ea9m ch\u1ecbu \u0111\u01b0\u1ee3c nhi\u1ec7t \u0111\u1ed9 th\u00f4ng th\u01b0\u1eddng khi truy\u1ec1n t\u1ea3i \u0111i\u1ec7n l\u00e0 70 \u0111\u1ed9 C, nhi\u1ec7t \u0111\u1ed9 t\u1ed1i \u0111a cho ph\u00e9p trong tr\u01b0\u1eddng h\u1ee3p b\u1ecb ng\u1eafn m\u1ea1ch trong 5 gi\u00e2y l\u00e0 160 \u0111\u1ed9 C.<\/span><\/li>\n<\/ul>\n<p><img fetchpriority=\"high\" decoding=\"async\" class=\"alignnone size-medium wp-image-13160 aligncenter\" src=\"http:\/\/thietbidienlama.com\/wp-content\/uploads\/2024\/06\/Day-dien-Cadivi-1.5-300x300.jpg\" alt=\"\" width=\"300\" height=\"300\" srcset=\"https:\/\/www.thietbidienlama.com\/wp-content\/uploads\/2024\/06\/Day-dien-Cadivi-1.5-300x300.jpg 300w, https:\/\/www.thietbidienlama.com\/wp-content\/uploads\/2024\/06\/Day-dien-Cadivi-1.5-150x150.jpg 150w, https:\/\/www.thietbidienlama.com\/wp-content\/uploads\/2024\/06\/Day-dien-Cadivi-1.5-12x12.jpg 12w, https:\/\/www.thietbidienlama.com\/wp-content\/uploads\/2024\/06\/Day-dien-Cadivi-1.5.jpg 500w\" sizes=\"(max-width: 300px) 100vw, 300px\" \/><\/p>\n<h3><span style=\"color: #000000; font-size: 14pt;\">\u01afU \u0110I\u1ec2M S\u1ea2N PH\u1ea8M <span style=\"color: #ff6600;\"><a style=\"color: #ff6600;\" href=\"https:\/\/thietbidienlama.com\/day-dien-cadivi-15\/\"><strong>D\u00c2Y \u0110I\u1ec6N CADIVI 1.5<\/strong><\/a><\/span><\/span><\/h3>\n<p><span style=\"color: #000000;\">1.\u00a0 S\u1ea3n ph\u1ea9m \u0111\u1ea1t ti\u00eau chu\u1ea9n qu\u1ed1c t\u1ebf v\u1ec1 ch\u1ea5t l\u01b0\u1ee3ng IEC, AS,BS, DIN, IJS, v\u00e0 ti\u00eau chu\u1ea9n trong n\u01b0\u1edbc TCVN.<\/span><\/p>\n<p><span style=\"color: #000000;\">2.\u00a0 L\u00f5i d\u00e2y \u0111i\u1ec7n l\u00e0m b\u1eb1ng \u0111\u1ed3ng, m\u1ec1m d\u1ebbo c\u00f3 kh\u1ea3 n\u0103ng d\u1eabn \u0111i\u1ec7n t\u1ed1t v\u00e0 \u0111\u1ea3m b\u1ea3o ho\u1ea1t \u0111\u1ed9ng cung c\u1ea5p \u0111i\u1ec7n lu\u00f4n \u0111\u1ec1u \u0111\u1eb7n, kh\u00f4ng b\u1ecb t\u1eafc ngh\u1ebdn.<\/span><\/p>\n<p><span style=\"color: #000000;\">3.\u00a0 S\u1ea3n ph\u1ea9m \u0111\u01b0\u1ee3c \u1ee9ng d\u1ee5ng trong h\u1ec7 th\u1ed1ng truy\u1ec1n t\u1ea3i \u0111i\u1ec7n \u1edf c\u00e1c nh\u00e0 m\u00e1y, m\u1ea1ng l\u01b0\u1edbi \u0111i\u1ec7n t\u00f2a nh\u00e0, n\u00f4ng nghi\u1ec7p v\u00e0 h\u1ec7 th\u1ed1ng m\u1ea1ng l\u01b0\u1edbi \u0111i\u1ec7n cho ti\u00eau d\u00f9ng.<\/span><\/p>\n<p><span style=\"color: #000000;\">4.\u00a0 L\u1edbp v\u1ecf b\u1ecdc b\u00ean ngo\u00e0i l\u00e0m b\u1eb1ng nh\u1ef1a PVC c\u00e1o c\u1ea5p, c\u00f3 kh\u1ea3 n\u0103ng c\u00e1ch \u0111i\u1ec7n, c\u00e1ch nhi\u1ec7t t\u1ed1t, \u0111\u1ea3m b\u1ea3o an to\u00e0n trong qu\u00e1 tr\u00ecnh truy\u1ec1n t\u1ea3i \u0111i\u1ec7n n\u0103ng.<\/span><\/p>\n<p><span style=\"color: #000000;\">5.\u00a0\u00a0D\u00e2y c\u00e1p \u0111i\u1ec7n \u0111\u01a1n d\u00e2n d\u1ee5ng Cadivi CV 1.5\u00a0c\u00f3 l\u1edbp thi\u1ebft k\u1ebf b\u1ec1n, ch\u1eafc ch\u1eafn, s\u1eed d\u1ee5ng d\u00e0i l\u00e2u v\u00e0 b\u1ea3o v\u1ec7 an to\u00e0n cho ng\u01b0\u1eddi s\u1eed d\u1ee5ng v\u1edbi \u0111a d\u1ea1ng lo\u1ea1i s\u1ea3n ph\u1ea9m, ph\u1ee5c v\u1ee5 t\u1eebng nhu c\u1ea7u s\u1eed d\u1ee5ng.<\/span><\/p>\n<p>&nbsp;<\/p>\n<p><span style=\"font-size: 12pt; color: #000000;\"><strong>LI\u00caN H\u1ec6 : Hotline: 0935 228 204 ( Ms Lam )<\/strong><\/span><\/p>\n<p><span style=\"font-size: 12pt; color: #000000;\"><strong>Facebook:\u00a0<span style=\"color: #ff6600;\"><a style=\"color: #ff6600;\" href=\"https:\/\/www.facebook.com\/thietbidienlama\" target=\"_blank\" rel=\"noopener\">THI\u1ebeT\u00a0B\u1eca \u0110I\u1ec6N LAMA<\/a><\/span><\/strong><\/span><\/p>\n<p><span style=\"font-size: 12pt; color: #000000;\"><strong>Tiktok:\u00a0<span style=\"color: #ff6600;\"><a style=\"color: #ff6600;\" href=\"https:\/\/www.tiktok.com\/@thietbidienlama\" target=\"_blank\" rel=\"noopener\">THI\u1ebeT\u00a0B\u1eca \u0110I\u1ec6N LAMA<\/a><\/span><\/strong><\/span><\/p>","protected":false},"excerpt":{"rendered":"<p>D\u00c2Y \u0110I\u1ec6N CADIVI 1.5 D\u00e2y \u0111i\u1ec7n Cadivi 1.5\u00a0 l\u00e0 d\u00f2ng s\u1ea3n ph\u1ea9m c\u1ee7a c\u00f4ng ty CADIVI s\u1ea3n xu\u1ea5t c\u00f3 chi\u1ec1u<\/p>","protected":false},"featured_media":13160,"comment_status":"closed","ping_status":"closed","template":"","meta":[],"product_brand":[],"product_cat":[564,565],"product_tag":[516,517,518,515,519],"class_list":{"0":"post-10532","1":"product","2":"type-product","3":"status-publish","4":"has-post-thumbnail","6":"product_cat-day-va-cap-dien","7":"product_cat-day-dien-cadivi","8":"product_tag-day-cadivi-1-5","9":"product_tag-day-dien-1-5","10":"product_tag-day-dien-1-5-cadivi","11":"product_tag-day-dien-cadivi-1-5","12":"product_tag-gia-day-dien-cadivi-1-5","14":"first","15":"instock","16":"sale","17":"shipping-taxable","18":"purchasable","19":"product-type-simple"},"_links":{"self":[{"href":"https:\/\/www.thietbidienlama.com\/en\/wp-json\/wp\/v2\/product\/10532","targetHints":{"allow":["GET"]}}],"collection":[{"href":"https:\/\/www.thietbidienlama.com\/en\/wp-json\/wp\/v2\/product"}],"about":[{"href":"https:\/\/www.thietbidienlama.com\/en\/wp-json\/wp\/v2\/types\/product"}],"replies":[{"embeddable":true,"href":"https:\/\/www.thietbidienlama.com\/en\/wp-json\/wp\/v2\/comments?post=10532"}],"version-history":[{"count":4,"href":"https:\/\/www.thietbidienlama.com\/en\/wp-json\/wp\/v2\/product\/10532\/revisions"}],"predecessor-version":[{"id":10536,"href":"https:\/\/www.thietbidienlama.com\/en\/wp-json\/wp\/v2\/product\/10532\/revisions\/10536"}],"wp:featuredmedia":[{"embeddable":true,"href":"https:\/\/www.thietbidienlama.com\/en\/wp-json\/wp\/v2\/media\/13160"}],"wp:attachment":[{"href":"https:\/\/www.thietbidienlama.com\/en\/wp-json\/wp\/v2\/media?parent=10532"}],"wp:term":[{"taxonomy":"product_brand","embeddable":true,"href":"https:\/\/www.thietbidienlama.com\/en\/wp-json\/wp\/v2\/product_brand?post=10532"},{"taxonomy":"product_cat","embeddable":true,"href":"https:\/\/www.thietbidienlama.com\/en\/wp-json\/wp\/v2\/product_cat?post=10532"},{"taxonomy":"product_tag","embeddable":true,"href":"https:\/\/www.thietbidienlama.com\/en\/wp-json\/wp\/v2\/product_tag?post=10532"}],"curies":[{"name":"wp","href":"https:\/\/api.w.org\/{rel}","templated":true}]}}