{"id":10528,"date":"2024-06-10T11:19:38","date_gmt":"2024-06-10T04:19:38","guid":{"rendered":"https:\/\/thietbidienlama.com\/?post_type=product&#038;p=10528"},"modified":"2026-01-12T14:08:45","modified_gmt":"2026-01-12T07:08:45","slug":"day-dien-cadivi-10","status":"publish","type":"product","link":"https:\/\/www.thietbidienlama.com\/en\/day-dien-cadivi-10\/","title":{"rendered":"D\u00e2y \u0110i\u1ec7n Cadivi 1.0"},"content":{"rendered":"<p><span style=\"color: #000000;\"><img fetchpriority=\"high\" decoding=\"async\" class=\"aligncenter wp-image-13160 size-medium\" src=\"http:\/\/thietbidienlama.com\/wp-content\/uploads\/2024\/06\/Day-dien-Cadivi-1.5-300x300.jpg\" alt=\"D\u00e2y \u0110i\u1ec7n Cadivi 1.0\" width=\"300\" height=\"300\" srcset=\"https:\/\/www.thietbidienlama.com\/wp-content\/uploads\/2024\/06\/Day-dien-Cadivi-1.5-300x300.jpg 300w, https:\/\/www.thietbidienlama.com\/wp-content\/uploads\/2024\/06\/Day-dien-Cadivi-1.5-150x150.jpg 150w, https:\/\/www.thietbidienlama.com\/wp-content\/uploads\/2024\/06\/Day-dien-Cadivi-1.5-12x12.jpg 12w, https:\/\/www.thietbidienlama.com\/wp-content\/uploads\/2024\/06\/Day-dien-Cadivi-1.5.jpg 500w\" sizes=\"(max-width: 300px) 100vw, 300px\" \/><\/span><\/p>\n<p>&nbsp;<\/p>\n<h3><span style=\"color: #000000; font-size: 14pt;\"><strong>\u0110\u1eb7c \u0111i\u1ec3m <span style=\"color: #ff6600;\"><a style=\"color: #ff6600;\" href=\"https:\/\/thietbidienlama.com\/day-dien-cadivi-10\/\">D\u00c2Y \u0110I\u1ec6N CADIVI 1.0<\/a><\/span><\/strong><\/span><\/h3>\n<p><span style=\"color: #000000;\">D\u00e2y \u0111i\u1ec7n Cadivi 1.0 l\u00e0 m\u1ed9t s\u1ea3n ph\u1ea9m c\u00e1p \u0111i\u1ec7n m\u1ed9t l\u00f5i c\u1ee7a h\u00e3ng Cadivi, \u0111\u01b0\u1ee3c s\u1eed d\u1ee5ng \u0111\u1ec3 truy\u1ec1n t\u1ea3i \u0111i\u1ec7n n\u0103ng trong c\u00e1c h\u1ec7 th\u1ed1ng \u0111i\u1ec7n.<\/span><\/p>\n<p><span style=\"color: #000000;\">1. L\u00f5i d\u00e2y: D\u00e2y c\u00e1p n\u00e0y c\u00f3 m\u1ed9t l\u00f5i \u0111\u1ed3ng, \u0111i\u1ec1u n\u00e0y c\u00f3 ngh\u0129a l\u00e0 d\u00e2y c\u00e1p ch\u1ec9 c\u00f3 m\u1ed9t s\u1ee3i d\u00e2y d\u1eabn \u0111i\u1ec7n, \u0111\u01b0\u1ee3c l\u00e0m t\u1eeb ch\u1ea5t li\u1ec7u \u0111\u1ed3ng.<\/span><\/p>\n<ol>\n<li><span style=\"color: #000000;\">K\u00edch th\u01b0\u1edbc l\u00f5i d\u00e2y: K\u00edch th\u01b0\u1edbc l\u00f5i d\u00e2y c\u00f3 gi\u00e1 tr\u1ecb l\u00e0 1.0. Tuy nhi\u00ean, ch\u00fang ta c\u1ea7n x\u00e1c \u0111\u1ecbnh \u0111\u01a1n v\u1ecb \u0111o l\u01b0\u1eddng khi n\u00f3i v\u1ec1 k\u00edch th\u01b0\u1edbc l\u00f5i d\u00e2y (VD: mm\u00b2, AWG,&#8230;).<\/span><\/li>\n<li><span style=\"color: #000000;\">Ch\u1ea5t li\u1ec7u d\u00e2y l\u00f5i: D\u00e2y l\u00f5i \u0111\u01b0\u1ee3c l\u00e0m t\u1eeb \u0111\u1ed3ng, m\u1ed9t ch\u1ea5t li\u1ec7u d\u1eabn \u0111i\u1ec7n t\u1ed1t v\u00e0 ph\u1ed5 bi\u1ebfn trong ng\u00e0nh \u0111i\u1ec7n.<\/span><\/li>\n<li><span style=\"color: #000000;\">Ch\u1ea5t li\u1ec7u c\u00e1ch \u0111i\u1ec7n: B\u00ean ngo\u00e0i l\u00f5i d\u00e2y s\u1ebd c\u00f3 l\u1edbp c\u00e1ch \u0111i\u1ec7n gi\u00fap c\u00e1ch ly \u0111i\u1ec7n gi\u1eefa d\u00e2y d\u1eabn v\u00e0 m\u00f4i tr\u01b0\u1eddng xung quanh. Ch\u1ea5t li\u1ec7u c\u00e1ch \u0111i\u1ec7n th\u01b0\u1eddng l\u00e0 PVC (Polyvinyl chloride) ho\u1eb7c XLPE (Cross-linked polyethylene) ho\u1eb7c c\u00e1c ch\u1ea5t li\u1ec7u c\u00e1ch \u0111i\u1ec7n kh\u00e1c.<\/span><\/li>\n<\/ol>\n<h3><span style=\"color: #000000; font-size: 14pt;\"><strong>\u1ee8ng d\u1ee5ng D\u00c2Y \u0110I\u1ec6N CADIVI 1.0<\/strong><\/span><\/h3>\n<p><span style=\"color: #000000; font-size: 12pt;\">D\u00e2y c\u00e1p \u0111i\u1ec7n \u0111\u01a1n Cadivi 1.0 c\u00f3 nhi\u1ec1u \u1ee9ng d\u1ee5ng trong h\u1ec7 th\u1ed1ng \u0111i\u1ec7n, \u0111\u1eb7c bi\u1ec7t l\u00e0 trong c\u00e1c \u1ee9ng d\u1ee5ng d\u00e2n d\u1ee5ng v\u00e0 c\u00f4ng nghi\u1ec7p. D\u01b0\u1edbi \u0111\u00e2y l\u00e0 m\u1ed9t s\u1ed1 \u1ee9ng d\u1ee5ng ph\u1ed5 bi\u1ebfn c\u1ee7a lo\u1ea1i c\u00e1p n\u00e0y:<\/span><\/p>\n<ol>\n<li><span style=\"color: #000000; font-size: 12pt;\">H\u1ec7 th\u1ed1ng \u0111i\u1ec7n d\u00e2n d\u1ee5ng: D\u00e2y c\u00e1p \u0111i\u1ec7n \u0111\u01a1n Cadivi 1.0 th\u01b0\u1eddng \u0111\u01b0\u1ee3c s\u1eed d\u1ee5ng trong c\u00e1c h\u1ec7 th\u1ed1ng \u0111i\u1ec7n d\u00e2n d\u1ee5ng, \u0111\u1ec3 truy\u1ec1n t\u1ea3i \u0111i\u1ec7n n\u0103ng t\u1eeb h\u1ed9p c\u00f4ng t\u01a1 \u0111\u1ebfn c\u00e1c thi\u1ebft b\u1ecb v\u00e0 \u0111\u00e8n trong c\u00e1c t\u00f2a nh\u00e0, c\u0103n h\u1ed9, nh\u00e0 ri\u00eang, v.v.<\/span><\/li>\n<li><span style=\"color: #000000; font-size: 12pt;\">H\u1ec7 th\u1ed1ng chi\u1ebfu s\u00e1ng: C\u00e1p \u0111i\u1ec7n \u0111\u01a1n 1.0mm\u00b2 th\u01b0\u1eddng \u0111\u01b0\u1ee3c d\u00f9ng trong h\u1ec7 th\u1ed1ng chi\u1ebfu s\u00e1ng \u0111\u1ec3 k\u1ebft n\u1ed1i c\u00e1c b\u00f3ng \u0111\u00e8n, \u0111\u00e8n tr\u1ea7n, \u0111\u00e8n pha, v.v.<\/span><\/li>\n<li><span style=\"color: #000000; font-size: 12pt;\">H\u1ec7 th\u1ed1ng \u0111i\u1ec7n c\u00f4ng nghi\u1ec7p: Trong m\u00f4i tr\u01b0\u1eddng c\u00f4ng nghi\u1ec7p, d\u00e2y c\u00e1p \u0111i\u1ec7n \u0111\u01a1n Cadivi 1.0 \u0111\u01b0\u1ee3c s\u1eed d\u1ee5ng trong c\u00e1c h\u1ec7 th\u1ed1ng \u0111i\u1ec7n c\u00f4ng nghi\u1ec7p nh\u01b0 h\u1ec7 th\u1ed1ng t\u1ef1 \u0111\u1ed9ng h\u00f3a, h\u1ec7 th\u1ed1ng \u0111i\u1ec1u khi\u1ec3n, h\u1ec7 th\u1ed1ng \u0111i\u1ec7n c\u00f4ng nghi\u1ec7p kh\u00e1c.<\/span><\/li>\n<li><span style=\"color: #000000; font-size: 12pt;\">M\u00e1y m\u00f3c v\u00e0 thi\u1ebft b\u1ecb \u0111i\u1ec7n: D\u00e2y c\u00e1p \u0111i\u1ec7n \u0111\u01a1n 1.0mm\u00b2 c\u00f3 th\u1ec3 \u0111\u01b0\u1ee3c s\u1eed d\u1ee5ng \u0111\u1ec3 k\u1ebft n\u1ed1i c\u00e1c m\u00e1y m\u00f3c v\u00e0 thi\u1ebft b\u1ecb \u0111i\u1ec7n nh\u01b0 m\u00e1y b\u01a1m, m\u00e1y n\u00e9n kh\u00ed, m\u00e1y ch\u1ebf bi\u1ebfn, v.v.<\/span><\/li>\n<li><span style=\"color: #000000; font-size: 12pt;\">C\u00e1c \u1ee9ng d\u1ee5ng \u0111i\u1ec7n t\u1eed nh\u1ecf: C\u00e1p \u0111i\u1ec7n \u0111\u01a1n Cadivi 1.0 c\u0169ng c\u00f3 th\u1ec3 \u0111\u01b0\u1ee3c s\u1eed d\u1ee5ng trong c\u00e1c \u1ee9ng d\u1ee5ng \u0111i\u1ec7n t\u1eed nh\u1ecf, nh\u01b0 c\u00e1c linh ki\u1ec7n v\u00e0 m\u1ea1ch \u0111i\u1ec7n t\u1eed.<\/span><\/li>\n<li><span style=\"color: #000000; font-size: 12pt;\">C\u00e1c \u1ee9ng d\u1ee5ng an ninh v\u00e0 gi\u00e1m s\u00e1t: D\u00e2y c\u00e1p \u0111i\u1ec7n \u0111\u01a1n 1.0mm\u00b2 c\u00f3 th\u1ec3 \u0111\u01b0\u1ee3c s\u1eed d\u1ee5ng \u0111\u1ec3 k\u1ebft n\u1ed1i c\u00e1c thi\u1ebft b\u1ecb an ninh v\u00e0 gi\u00e1m s\u00e1t, nh\u01b0 camera an ninh, h\u1ec7 th\u1ed1ng b\u00e1o \u0111\u1ed9ng, v.v.<\/span><\/li>\n<\/ol>\n<p class=\"Y3BBE\" data-hveid=\"CAEICBAA\" data-complete=\"true\" data-processed=\"true\"><span style=\"font-size: 12pt; color: #000000;\"><strong>LI\u00caN H\u1ec6 : Hotline: 0935 228 204 ( Ms Lam )<\/strong><\/span><\/p>\n<p><span style=\"font-size: 12pt; color: #000000;\"><strong>Facebook:\u00a0<span style=\"color: #ff6600;\"><a style=\"color: #ff6600;\" href=\"https:\/\/www.facebook.com\/thietbidienlama\" target=\"_blank\" rel=\"noopener\">THI\u1ebeT\u00a0B\u1eca \u0110I\u1ec6N LAMA<\/a><\/span><\/strong><\/span><\/p>\n<p><span style=\"font-size: 12pt; color: #000000;\"><strong>Tiktok:\u00a0<span style=\"color: #ff6600;\"><a style=\"color: #ff6600;\" href=\"https:\/\/www.tiktok.com\/@thietbidienlama\" target=\"_blank\" rel=\"noopener\">THI\u1ebeT\u00a0B\u1eca \u0110I\u1ec6N LAMA<\/a><\/span><\/strong><\/span><\/p>","protected":false},"excerpt":{"rendered":"<p>&nbsp; \u0110\u1eb7c \u0111i\u1ec3m D\u00c2Y \u0110I\u1ec6N CADIVI 1.0 D\u00e2y \u0111i\u1ec7n Cadivi 1.0 l\u00e0 m\u1ed9t s\u1ea3n ph\u1ea9m c\u00e1p \u0111i\u1ec7n m\u1ed9t l\u00f5i c\u1ee7a<\/p>","protected":false},"featured_media":13160,"comment_status":"closed","ping_status":"closed","template":"","meta":[],"product_brand":[],"product_cat":[564,565],"product_tag":[512,513,511,514],"class_list":{"0":"post-10528","1":"product","2":"type-product","3":"status-publish","4":"has-post-thumbnail","6":"product_cat-day-va-cap-dien","7":"product_cat-day-dien-cadivi","8":"product_tag-cadivi-1-0","9":"product_tag-day-cadivi-1-0","10":"product_tag-day-dien-cadivi-1-0","11":"product_tag-gia-day-dien-doi-cadivi-1-0","13":"first","14":"instock","15":"sale","16":"shipping-taxable","17":"purchasable","18":"product-type-simple"},"_links":{"self":[{"href":"https:\/\/www.thietbidienlama.com\/en\/wp-json\/wp\/v2\/product\/10528","targetHints":{"allow":["GET"]}}],"collection":[{"href":"https:\/\/www.thietbidienlama.com\/en\/wp-json\/wp\/v2\/product"}],"about":[{"href":"https:\/\/www.thietbidienlama.com\/en\/wp-json\/wp\/v2\/types\/product"}],"replies":[{"embeddable":true,"href":"https:\/\/www.thietbidienlama.com\/en\/wp-json\/wp\/v2\/comments?post=10528"}],"version-history":[{"count":4,"href":"https:\/\/www.thietbidienlama.com\/en\/wp-json\/wp\/v2\/product\/10528\/revisions"}],"predecessor-version":[{"id":13595,"href":"https:\/\/www.thietbidienlama.com\/en\/wp-json\/wp\/v2\/product\/10528\/revisions\/13595"}],"wp:featuredmedia":[{"embeddable":true,"href":"https:\/\/www.thietbidienlama.com\/en\/wp-json\/wp\/v2\/media\/13160"}],"wp:attachment":[{"href":"https:\/\/www.thietbidienlama.com\/en\/wp-json\/wp\/v2\/media?parent=10528"}],"wp:term":[{"taxonomy":"product_brand","embeddable":true,"href":"https:\/\/www.thietbidienlama.com\/en\/wp-json\/wp\/v2\/product_brand?post=10528"},{"taxonomy":"product_cat","embeddable":true,"href":"https:\/\/www.thietbidienlama.com\/en\/wp-json\/wp\/v2\/product_cat?post=10528"},{"taxonomy":"product_tag","embeddable":true,"href":"https:\/\/www.thietbidienlama.com\/en\/wp-json\/wp\/v2\/product_tag?post=10528"}],"curies":[{"name":"wp","href":"https:\/\/api.w.org\/{rel}","templated":true}]}}