{"id":275,"date":"2022-05-23T11:09:46","date_gmt":"2022-05-23T11:09:46","guid":{"rendered":"http:\/\/dummy.xtemos.com\/woodmart2\/megamarket-elementor\/?page_id=275"},"modified":"2026-03-27T22:37:45","modified_gmt":"2026-03-27T15:37:45","slug":"gioi-thieu","status":"publish","type":"page","link":"https:\/\/www.thietbidienlama.com\/en\/gioi-thieu\/","title":{"rendered":"Gi\u1edbi thi\u1ec7u"},"content":{"rendered":"<div data-elementor-type=\"wp-page\" data-elementor-id=\"275\" class=\"elementor elementor-275\" data-elementor-post-type=\"page\">\n\t\t\t\t\t\t<section class=\"elementor-section elementor-top-section elementor-element elementor-element-e2a0fab elementor-section-content-middle elementor-section-boxed elementor-section-height-default elementor-section-height-default wd-section-disabled\" data-id=\"e2a0fab\" data-element_type=\"section\">\n\t\t\t\t\t\t<div class=\"elementor-container elementor-column-gap-default\">\n\t\t\t\t\t<div class=\"elementor-column elementor-col-50 elementor-top-column elementor-element elementor-element-97078bc\" data-id=\"97078bc\" data-element_type=\"column\">\n\t\t\t<div class=\"elementor-widget-wrap elementor-element-populated\">\n\t\t\t\t\t\t<div class=\"elementor-element elementor-element-015b07a elementor-widget elementor-widget-wd_title\" data-id=\"015b07a\" data-element_type=\"widget\" data-widget_type=\"wd_title.default\">\n\t\t\t\t<div class=\"elementor-widget-container\">\n\t\t\t\t\t\t\t<div class=\"title-wrapper set-mb-s reset-last-child wd-title-color-default wd-title-style-default wd-title-size-large text-left\">\n\n\t\t\t\n\t\t\t<div class=\"liner-continer\">\n\t\t\t\t<h4 class=\"woodmart-title-container title wd-fontsize-xxl\">T\u1ea7m Nh\u00ecn C\u1ee7a Ch\u00fang T\u00f4i<\/h4> \n\t\t\t\t\t\t\t<\/div>\n\n\t\t\t\t\t<\/div>\n\t\t\t\t\t\t<\/div>\n\t\t\t\t<\/div>\n\t\t\t\t<div class=\"elementor-element elementor-element-b08f08b elementor-widget elementor-widget-wd_text_block\" data-id=\"b08f08b\" data-element_type=\"widget\" data-widget_type=\"wd_text_block.default\">\n\t\t\t\t<div class=\"elementor-widget-container\">\n\t\t\t\t\t\t\t<div class=\"wd-text-block reset-last-child text-left\">\n\t\t\t\n\t\t\t<p style=\"text-align: justify;\"><span style=\"color: #000000;\">Ch\u00fang t\u00f4i kh\u00f4ng ch\u1ec9 h\u01b0\u1edbng \u0111\u1ebfn vi\u1ec7c tr\u1edf th\u00e0nh nh\u00e0 ph\u00e2n ph\u1ed1i thi\u1ebft b\u1ecb \u0111i\u1ec7n Panasonic h\u00e0ng \u0111\u1ea7u t\u1ea1i mi\u1ec1n Nam m\u00e0 c\u00f2n l\u00e0 <strong>\u0111\u1ed1i t\u00e1c chi\u1ebfn l\u01b0\u1ee3c c\u1ee7a m\u1ecdi nh\u00e0 th\u1ea7u x\u00e2y d\u1ef1ng v\u00e0 nh\u00e0 th\u1ea7u \u0111i\u1ec7n tr\u00ean c\u1ea3 n\u01b0\u1edbc.<\/strong><\/span><\/p><ul style=\"text-align: justify;\"><li><span style=\"color: #000000;\"><strong>Cam k\u1ebft gi\u00e1 nh\u00e0 th\u1ea7u t\u1ed1t nh\u1ea5t th\u1ecb tr\u01b0\u1eddng<\/strong>, mang l\u1ea1i l\u1ee3i \u00edch cao nh\u1ea5t cho kh\u00e1ch h\u00e0ng.<\/span><\/li><li><span style=\"color: #000000;\">Lu\u00f4n c\u1ea3i ti\u1ebfn d\u1ecbch v\u1ee5, \u0111\u1ea3m b\u1ea3o m\u1ed7i giao d\u1ecbch \u0111\u1ec1u nhanh ch\u00f3ng, minh b\u1ea1ch, v\u00e0 chuy\u00ean nghi\u1ec7p.<\/span><\/li><li><span style=\"color: #000000;\">\u0110\u1eb7t kh\u00e1ch h\u00e0ng l\u00e0m tr\u1ecdng t\u00e2m, kh\u00f4ng ng\u1eebng m\u1edf r\u1ed9ng danh m\u1ee5c s\u1ea3n ph\u1ea9m \u0111\u1ec3 \u0111\u00e1p \u1ee9ng nhu c\u1ea7u ng\u00e0y c\u00e0ng \u0111a d\u1ea1ng.<\/span><\/li><\/ul><blockquote><p style=\"text-align: justify;\"><span style=\"color: #000000;\">T\u1ea7m nh\u00ecn c\u1ee7a ch\u00fang t\u00f4i l\u00e0 ki\u1ebfn t\u1ea1o m\u1ed9t <strong>h\u1ec7 sinh th\u00e1i thi\u1ebft b\u1ecb \u0111i\u1ec7n to\u00e0n di\u1ec7n<\/strong>, n\u01a1i kh\u00e1ch h\u00e0ng kh\u00f4ng ch\u1ec9 mua s\u1ea3n ph\u1ea9m m\u00e0 c\u00f2n nh\u1eadn \u0111\u01b0\u1ee3c s\u1ef1 h\u1ed7 tr\u1ee3 k\u1ef9 thu\u1eadt v\u00e0 d\u1ecbch v\u1ee5 h\u1eadu m\u00e3i t\u1eadn t\u00e2m.<\/span><\/p><\/blockquote>\n\t\t\t\t\t<\/div>\n\t\t\t\t\t\t<\/div>\n\t\t\t\t<\/div>\n\t\t\t\t\t<\/div>\n\t\t<\/div>\n\t\t\t\t<div class=\"elementor-column elementor-col-50 elementor-top-column elementor-element elementor-element-5909345\" data-id=\"5909345\" data-element_type=\"column\">\n\t\t\t<div class=\"elementor-widget-wrap elementor-element-populated\">\n\t\t\t\t\t\t<div class=\"elementor-element elementor-element-03e9a4e elementor-widget__width-initial elementor-widget elementor-widget-image\" data-id=\"03e9a4e\" data-element_type=\"widget\" data-widget_type=\"image.default\">\n\t\t\t\t<div class=\"elementor-widget-container\">\n\t\t\t\t\t\t\t\t\t\t\t\t\t\t\t<img fetchpriority=\"high\" decoding=\"async\" width=\"500\" height=\"500\" src=\"https:\/\/www.thietbidienlama.com\/wp-content\/uploads\/2025\/05\/cua-hang-thiet-bi-dien-lama.jpg\" class=\"attachment-large size-large wp-image-12076\" alt=\"Cua Hang Thiet Bi Dien Lama\" srcset=\"https:\/\/www.thietbidienlama.com\/wp-content\/uploads\/2025\/05\/cua-hang-thiet-bi-dien-lama.jpg 500w, https:\/\/www.thietbidienlama.com\/wp-content\/uploads\/2025\/05\/cua-hang-thiet-bi-dien-lama-300x300.jpg 300w, https:\/\/www.thietbidienlama.com\/wp-content\/uploads\/2025\/05\/cua-hang-thiet-bi-dien-lama-150x150.jpg 150w, https:\/\/www.thietbidienlama.com\/wp-content\/uploads\/2025\/05\/cua-hang-thiet-bi-dien-lama-12x12.jpg 12w\" sizes=\"(max-width: 500px) 100vw, 500px\" \/>\t\t\t\t\t\t\t\t\t\t\t\t\t\t\t<\/div>\n\t\t\t\t<\/div>\n\t\t\t\t\t<\/div>\n\t\t<\/div>\n\t\t\t\t\t<\/div>\n\t\t<\/section>\n\t\t\t\t<section class=\"elementor-section elementor-top-section elementor-element elementor-element-e5a03a3 elementor-section-boxed elementor-section-height-default elementor-section-height-default wd-section-disabled\" data-id=\"e5a03a3\" data-element_type=\"section\">\n\t\t\t\t\t\t<div class=\"elementor-container elementor-column-gap-default\">\n\t\t\t\t\t<div class=\"elementor-column elementor-col-50 elementor-top-column elementor-element elementor-element-eb34e00\" data-id=\"eb34e00\" data-element_type=\"column\">\n\t\t\t<div class=\"elementor-widget-wrap elementor-element-populated\">\n\t\t\t\t\t\t<div class=\"elementor-element elementor-element-17d4268 elementor-widget elementor-widget-wd_title\" data-id=\"17d4268\" data-element_type=\"widget\" data-widget_type=\"wd_title.default\">\n\t\t\t\t<div class=\"elementor-widget-container\">\n\t\t\t\t\t\t\t<div class=\"title-wrapper set-mb-s reset-last-child wd-title-color-default wd-title-style-default wd-title-size-medium text-left\">\n\n\t\t\t\n\t\t\t<div class=\"liner-continer\">\n\t\t\t\t<h4 class=\"woodmart-title-container title wd-fontsize-xl\">M\u1ecdi Ng\u01b0\u1eddi N\u00f3i G\u00ec V\u1ec1 Ch\u00fang T\u00f4i<\/h4> \n\t\t\t\t\t\t\t<\/div>\n\n\t\t\t\t\t<\/div>\n\t\t\t\t\t\t<\/div>\n\t\t\t\t<\/div>\n\t\t\t\t<div class=\"elementor-element elementor-element-2fc1584 elementor-widget__width-initial elementor-widget elementor-widget-wd_testimonials\" data-id=\"2fc1584\" data-element_type=\"widget\" data-widget_type=\"wd_testimonials.default\">\n\t\t\t\t<div class=\"elementor-widget-container\">\n\t\t\t\t\t\t\t<div class=\"testimonials testimonials-wrapper testimonials-slider testimon-style-info-top  color-scheme- wd-carousel-container wd-carousel-spacing-20\" id=\"carousel-5409\" data-owl-carousel data-speed=\"\" data-slides_per_view_tablet='{\"size\":\"\"}' data-slides_per_view_mobile='{\"size\":\"\"}' data-wrap=\"no\" data-hide_pagination_control=\"yes\" data-hide_prev_next_buttons=\"no\" data-desktop=\"1\" data-tablet=\"1\" data-tablet_landscape=\"1\" data-mobile=\"1\">\n\t\t\t<div class=\"owl-carousel wd-owl owl-items-lg-1 owl-items-md-1 owl-items-sm-1 owl-items-xs-1\">\n\t\t\t\t\t\t\t\t\t\n<div class=\"wd-testimon column\">\n\t<div class=\"wd-testimon-info\">\n\t\t\t\t\t<div class=\"wd-testimon-thumb\">\n\t\t\t\t<img decoding=\"async\" src=\"https:\/\/www.thietbidienlama.com\/wp-content\/uploads\/2020\/10\/projects-120x120-1.png\" class=\"testimonial-avatar-image\">\t\t\t<\/div>\n\t\t\n\t\t<div class=\"wd-testimon-bio\">\n\t\t\t\t\t\t\t<div class=\"wd-testimon-name title\">\n\t\t\t\t\tKH\u00c1CH H\u00c0NG\t\t\t\t<\/div>\n\t\t\t\n\t\t\t\n\t\t\t<div class=\"star-rating\">\n\t\t\t\t<span style=\"width:100%\"><\/span>\n\t\t\t<\/div>\n\t\t<\/div>\n\t<\/div>\n\n\t\t\t<div class=\"wd-testimon-text reset-last-child\">\n\t\t\t<p style=\"text-align: justify;\">Ch\u00fang t\u00f4i t\u1ef1 h\u00e0o l\u00e0 l\u1ef1a ch\u1ecdn h\u00e0ng \u0111\u1ea7u c\u1ee7a h\u00e0ng tr\u0103m nh\u00e0 th\u1ea7u x\u00e2y d\u1ef1ng, nh\u00e0 th\u1ea7u \u0111i\u1ec7n v\u00e0 k\u1ef9 thu\u1eadt vi\u00ean tr\u00ean kh\u1eafp mi\u1ec1n Nam Vi\u1ec7t Nam. Kh\u00e1ch h\u00e0ng th\u01b0\u1eddng nh\u1eafc \u0111\u1ebfn ch\u00fang t\u00f4i v\u1edbi nh\u1eefng l\u1eddi khen:<\/p><ul style=\"text-align: justify;\"><li><strong>\"Gi\u00e1 t\u1ed1t nh\u1ea5t th\u1ecb tr\u01b0\u1eddng, ph\u00f9 h\u1ee3p v\u1edbi ng\u00e2n s\u00e1ch nh\u00e0 th\u1ea7u.\"<\/strong><\/li><li><strong>\"D\u1ecbch v\u1ee5 t\u01b0 v\u1ea5n v\u00e0 h\u1ed7 tr\u1ee3 t\u1eadn t\u00ecnh, s\u1ea3n ph\u1ea9m ch\u00ednh h\u00e3ng \u0111\u1ea3m b\u1ea3o ch\u1ea5t l\u01b0\u1ee3ng.\"<\/strong><\/li><li><strong>\"Giao h\u00e0ng nhanh ch\u00f3ng, \u0111\u00fang ti\u1ebfn \u0111\u1ed9 c\u00f4ng tr\u00ecnh.\"<\/strong><\/li><\/ul><p style=\"text-align: justify;\">V\u1edbi h\u01a1n 10 n\u0103m kinh nghi\u1ec7m, ch\u00fang t\u00f4i \u0111\u00e3 x\u00e2y d\u1ef1ng \u0111\u01b0\u1ee3c s\u1ef1 tin t\u01b0\u1edfng tuy\u1ec7t \u0111\u1ed1i t\u1eeb kh\u00e1ch h\u00e0ng, tr\u1edf th\u00e0nh \u0111\u1ed1i t\u00e1c chi\u1ebfn l\u01b0\u1ee3c c\u1ee7a nhi\u1ec1u c\u00f4ng tr\u00ecnh l\u1edbn nh\u1ecf.<\/p>\t\t<\/div>\n\t<\/div>\t\t\t\t\t\t\t<\/div>\n\t\t<\/div>\n\t\t\t\t\t\t<\/div>\n\t\t\t\t<\/div>\n\t\t\t\t<div class=\"elementor-element elementor-element-d401353 elementor-widget elementor-widget-wd_title\" data-id=\"d401353\" data-element_type=\"widget\" data-widget_type=\"wd_title.default\">\n\t\t\t\t<div class=\"elementor-widget-container\">\n\t\t\t\t\t\t\t<div class=\"title-wrapper set-mb-s reset-last-child wd-title-color-default wd-title-style-default wd-title-size-medium text-left\">\n\n\t\t\t\n\t\t\t<div class=\"liner-continer\">\n\t\t\t\t<h4 class=\"woodmart-title-container title wd-fontsize-xl\">T\u1ea1i Sao Ch\u1ecdn Ch\u00fang T\u00f4i?<\/h4> \n\t\t\t\t\t\t\t<\/div>\n\n\t\t\t\t\t<\/div>\n\t\t\t\t\t\t<\/div>\n\t\t\t\t<\/div>\n\t\t\t\t<div class=\"elementor-element elementor-element-fa19cb7 elementor-widget__width-initial elementor-widget elementor-widget-wd_text_block\" data-id=\"fa19cb7\" data-element_type=\"widget\" data-widget_type=\"wd_text_block.default\">\n\t\t\t\t<div class=\"elementor-widget-container\">\n\t\t\t\t\t\t\t<div class=\"wd-text-block reset-last-child text-left\">\n\t\t\t\n\t\t\t<ul><li style=\"text-align: justify;\"><span style=\"color: #000000;\"><strong>Gi\u00e1 T\u1ed1t Nh\u1ea5t:<\/strong> Cam k\u1ebft gi\u00e1 nh\u00e0 th\u1ea7u c\u1ea1nh tranh, t\u1ed1i \u01b0u h\u00f3a chi ph\u00ed cho m\u1ecdi c\u00f4ng tr\u00ecnh.<\/span><\/li><li style=\"text-align: justify;\"><span style=\"color: #000000;\"><strong>Ch\u00ednh H\u00e3ng 100%:<\/strong> T\u1ea5t c\u1ea3 s\u1ea3n ph\u1ea9m \u0111\u1ec1u c\u00f3 ch\u1ee9ng nh\u1eadn t\u1eeb Panasonic, \u0111\u1ea3m b\u1ea3o ch\u1ea5t l\u01b0\u1ee3ng tuy\u1ec7t \u0111\u1ed1i.<\/span><\/li><li style=\"text-align: justify;\"><span style=\"color: #000000;\"><strong>D\u1ecbch V\u1ee5 T\u1eadn T\u00e2m:<\/strong> \u0110\u1ed9i ng\u0169 t\u01b0 v\u1ea5n nhi\u1ec7t t\u00ecnh, giao h\u00e0ng nhanh ch\u00f3ng, h\u1ed7 tr\u1ee3 k\u1ef9 thu\u1eadt chuy\u00ean s\u00e2u.<\/span><\/li><\/ul><p style=\"text-align: justify;\"><span style=\"color: #000000;\"><strong>H\u00e3y \u0111\u1ec3 ch\u00fang t\u00f4i l\u00e0 \u0111\u1ed1i t\u00e1c \u0111\u1ed3ng h\u00e0nh c\u00f9ng b\u1ea1n trong m\u1ecdi c\u00f4ng tr\u00ecnh. Li\u00ean h\u1ec7 ngay h\u00f4m nay \u0111\u1ec3 nh\u1eadn b\u00e1o gi\u00e1 v\u00e0 \u01b0u \u0111\u00e3i t\u1ed1t nh\u1ea5t!<\/strong><\/span><\/p>\n\t\t\t\t\t<\/div>\n\t\t\t\t\t\t<\/div>\n\t\t\t\t<\/div>\n\t\t\t\t\t<\/div>\n\t\t<\/div>\n\t\t\t\t<div class=\"elementor-column elementor-col-50 elementor-top-column elementor-element elementor-element-23d54c5\" data-id=\"23d54c5\" data-element_type=\"column\">\n\t\t\t<div class=\"elementor-widget-wrap elementor-element-populated\">\n\t\t\t\t\t\t<div class=\"elementor-element elementor-element-e628c2a elementor-widget elementor-widget-wd_title\" data-id=\"e628c2a\" data-element_type=\"widget\" data-widget_type=\"wd_title.default\">\n\t\t\t\t<div class=\"elementor-widget-container\">\n\t\t\t\t\t\t\t<div class=\"title-wrapper set-mb-s reset-last-child wd-title-color-default wd-title-style-default wd-title-size-medium text-left\">\n\n\t\t\t\n\t\t\t<div class=\"liner-continer\">\n\t\t\t\t<h4 class=\"woodmart-title-container title wd-fontsize-xl\">Ch\u00fang T\u00f4i L\u00e0m G\u00ec<\/h4> \n\t\t\t\t\t\t\t<\/div>\n\n\t\t\t\t\t<\/div>\n\t\t\t\t\t\t<\/div>\n\t\t\t\t<\/div>\n\t\t\t\t<div class=\"elementor-element elementor-element-b2b668d elementor-widget elementor-widget-wd_text_block\" data-id=\"b2b668d\" data-element_type=\"widget\" data-widget_type=\"wd_text_block.default\">\n\t\t\t\t<div class=\"elementor-widget-container\">\n\t\t\t\t\t\t\t<div class=\"wd-text-block reset-last-child text-left\">\n\t\t\t\n\t\t\t<p style=\"text-align: justify;\"><span style=\"color: #000000;\">Ch\u00fang t\u00f4i chuy\u00ean ph\u00e2n ph\u1ed1i thi\u1ebft b\u1ecb \u0111i\u1ec7n x\u00e2y d\u1ef1ng, t\u1eadp trung v\u00e0o c\u00e1c s\u1ea3n ph\u1ea9m <strong>Panasonic ch\u00ednh h\u00e3ng<\/strong> v\u1edbi m\u1ee9c gi\u00e1 <strong>nh\u00e0 th\u1ea7u t\u1ed1t nh\u1ea5t th\u1ecb tr\u01b0\u1eddng<\/strong>. C\u00e1c s\u1ea3n ph\u1ea9m c\u1ee7a ch\u00fang t\u00f4i bao g\u1ed3m:<\/span><\/p><ul style=\"text-align: justify;\"><li><span style=\"color: #000000;\"><strong>C\u00f4ng t\u1eafc, \u1ed5 c\u1eafm \u0111i\u1ec7n Panasonic<\/strong> v\u1edbi thi\u1ebft k\u1ebf hi\u1ec7n \u0111\u1ea1i, b\u1ec1n b\u1ec9 v\u00e0 an to\u00e0n.<\/span><\/li><li><span style=\"color: #000000;\"><strong>\u0110\u00e8n LED Panasonic<\/strong> ti\u1ebft ki\u1ec7m \u0111i\u1ec7n, tu\u1ed5i th\u1ecd cao, ph\u00f9 h\u1ee3p cho m\u1ecdi c\u00f4ng tr\u00ecnh.<\/span><\/li><li><span style=\"color: #000000;\"><strong>Aptomat, c\u1ea7u dao<\/strong> v\u1edbi kh\u1ea3 n\u0103ng ch\u1ed1ng ch\u00e1y, \u0111\u1ea3m b\u1ea3o an to\u00e0n tuy\u1ec7t \u0111\u1ed1i.<\/span><\/li><li><span style=\"color: #000000;\"><strong>Qu\u1ea1t th\u00f4ng gi\u00f3 Panasonic<\/strong>, gi\u00fap c\u1ea3i thi\u1ec7n kh\u00f4ng kh\u00ed cho kh\u00f4ng gian s\u1ed1ng v\u00e0 l\u00e0m vi\u1ec7c.<\/span><\/li><\/ul><p style=\"text-align: justify;\"><span style=\"color: #000000;\">Ngo\u00e0i ra, ch\u00fang t\u00f4i c\u00f2n cung c\u1ea5p c\u00e1c <strong>gi\u1ea3i ph\u00e1p l\u1eafp \u0111\u1eb7t v\u00e0 b\u1ea3o h\u00e0nh<\/strong> nhanh ch\u00f3ng, \u0111\u00e1p \u1ee9ng nhu c\u1ea7u \u0111a d\u1ea1ng c\u1ee7a kh\u00e1ch h\u00e0ng.<\/span><\/p>\n\t\t\t\t\t<\/div>\n\t\t\t\t\t\t<\/div>\n\t\t\t\t<\/div>\n\t\t\t\t<div class=\"elementor-element elementor-element-75380a4 elementor-widget elementor-widget-wd_title\" data-id=\"75380a4\" data-element_type=\"widget\" data-widget_type=\"wd_title.default\">\n\t\t\t\t<div class=\"elementor-widget-container\">\n\t\t\t\t\t\t\t<div class=\"title-wrapper set-mb-s reset-last-child wd-title-color-default wd-title-style-default wd-title-size-medium text-left\">\n\n\t\t\t\n\t\t\t<div class=\"liner-continer\">\n\t\t\t\t<h4 class=\"woodmart-title-container title wd-fontsize-xl\">Ch\u00fang T\u00f4i Ph\u1ee5c V\u1ee5 Ai<\/h4> \n\t\t\t\t\t\t\t<\/div>\n\n\t\t\t\t\t<\/div>\n\t\t\t\t\t\t<\/div>\n\t\t\t\t<\/div>\n\t\t\t\t<div class=\"elementor-element elementor-element-7d6880b elementor-widget elementor-widget-wd_text_block\" data-id=\"7d6880b\" data-element_type=\"widget\" data-widget_type=\"wd_text_block.default\">\n\t\t\t\t<div class=\"elementor-widget-container\">\n\t\t\t\t\t\t\t<div class=\"wd-text-block reset-last-child text-left\">\n\t\t\t\n\t\t\t<p style=\"text-align: justify;\"><span style=\"color: #000000;\">Ch\u00fang t\u00f4i hi\u1ec3u r\u1eb1ng m\u1ed7i c\u00f4ng tr\u00ecnh \u0111\u1ec1u c\u00f3 y\u00eau c\u1ea7u ri\u00eang bi\u1ec7t, v\u00e0 \u0111\u1ed9i ng\u0169 c\u1ee7a ch\u00fang t\u00f4i cam k\u1ebft \u0111\u00e1p \u1ee9ng ch\u00ednh x\u00e1c nhu c\u1ea7u c\u1ee7a:<\/span><\/p><ol style=\"text-align: justify;\"><li><span style=\"color: #000000;\"><strong>Nh\u00e0 th\u1ea7u x\u00e2y d\u1ef1ng:<\/strong> Cung c\u1ea5p s\u1ed1 l\u01b0\u1ee3ng l\u1edbn thi\u1ebft b\u1ecb \u0111i\u1ec7n v\u1edbi gi\u00e1 \u01b0u \u0111\u00e3i, giao h\u00e0ng t\u1eadn n\u01a1i, \u0111\u00fang ti\u1ebfn \u0111\u1ed9.<\/span><\/li><li><span style=\"color: #000000;\"><strong>Nh\u00e0 th\u1ea7u \u0111i\u1ec7n:<\/strong> T\u01b0 v\u1ea5n gi\u1ea3i ph\u00e1p thi\u1ebft b\u1ecb ph\u00f9 h\u1ee3p v\u1edbi h\u1ec7 th\u1ed1ng \u0111i\u1ec7n c\u00f4ng tr\u00ecnh d\u00e2n d\u1ee5ng, c\u00f4ng nghi\u1ec7p.<\/span><\/li><li><span style=\"color: #000000;\"><strong>K\u1ef9 thu\u1eadt vi\u00ean \u0111i\u1ec7n:<\/strong> \u0110\u1ea3m b\u1ea3o s\u1ea3n ph\u1ea9m ch\u00ednh h\u00e3ng, b\u1ec1n b\u1ec9, h\u1ed7 tr\u1ee3 \u0111\u1ea7y \u0111\u1ee7 th\u00f4ng tin k\u1ef9 thu\u1eadt.<\/span><\/li><\/ol><p style=\"text-align: justify;\"><span style=\"color: #000000;\">D\u00f9 b\u1ea1n \u0111ang th\u1ef1c hi\u1ec7n d\u1ef1 \u00e1n l\u1edbn hay nh\u1ecf, ch\u00fang t\u00f4i lu\u00f4n \u0111\u1ed3ng h\u00e0nh c\u00f9ng b\u1ea1n v\u1edbi gi\u1ea3i ph\u00e1p t\u1ed1i \u01b0u v\u1ec1 <strong>chi ph\u00ed v\u00e0 ch\u1ea5t l\u01b0\u1ee3ng<\/strong>.<\/span><\/p>\n\t\t\t\t\t<\/div>\n\t\t\t\t\t\t<\/div>\n\t\t\t\t<\/div>\n\t\t\t\t\t<\/div>\n\t\t<\/div>\n\t\t\t\t\t<\/div>\n\t\t<\/section>\n\t\t\t\t<\/div>","protected":false},"excerpt":{"rendered":"<p>T\u1ea7m Nh\u00ecn C\u1ee7a Ch\u00fang T\u00f4i &nbsp; Ch\u00fang t\u00f4i kh\u00f4ng ch\u1ec9 h\u01b0\u1edbng \u0111\u1ebfn vi\u1ec7c tr\u1edf th\u00e0nh nh\u00e0 ph\u00e2n ph\u1ed1i thi\u1ebft b\u1ecb<\/p>","protected":false},"author":2,"featured_media":0,"parent":0,"menu_order":2,"comment_status":"closed","ping_status":"closed","template":"","meta":{"footnotes":""},"class_list":["post-275","page","type-page","status-publish","hentry"],"_links":{"self":[{"href":"https:\/\/www.thietbidienlama.com\/en\/wp-json\/wp\/v2\/pages\/275","targetHints":{"allow":["GET"]}}],"collection":[{"href":"https:\/\/www.thietbidienlama.com\/en\/wp-json\/wp\/v2\/pages"}],"about":[{"href":"https:\/\/www.thietbidienlama.com\/en\/wp-json\/wp\/v2\/types\/page"}],"author":[{"embeddable":true,"href":"https:\/\/www.thietbidienlama.com\/en\/wp-json\/wp\/v2\/users\/2"}],"replies":[{"embeddable":true,"href":"https:\/\/www.thietbidienlama.com\/en\/wp-json\/wp\/v2\/comments?post=275"}],"version-history":[{"count":17,"href":"https:\/\/www.thietbidienlama.com\/en\/wp-json\/wp\/v2\/pages\/275\/revisions"}],"predecessor-version":[{"id":14133,"href":"https:\/\/www.thietbidienlama.com\/en\/wp-json\/wp\/v2\/pages\/275\/revisions\/14133"}],"wp:attachment":[{"href":"https:\/\/www.thietbidienlama.com\/en\/wp-json\/wp\/v2\/media?parent=275"}],"curies":[{"name":"wp","href":"https:\/\/api.w.org\/{rel}","templated":true}]}}